{"id":649,"date":"2018-04-02T11:28:37","date_gmt":"2018-04-02T17:28:37","guid":{"rendered":"https:\/\/bct.facmed.unam.mx\/?page_id=649"},"modified":"2020-09-22T12:52:41","modified_gmt":"2020-09-22T18:52:41","slug":"649-2","status":"publish","type":"page","link":"https:\/\/bct.facmed.unam.mx\/index.php\/cordinaciones\/cordinacion-de-investigacion\/laboratorio\/649-2\/","title":{"rendered":"Inmunolog\u00eda Comparada de Piel y Mucosas"},"content":{"rendered":"<p>[et_pb_section fb_built=\u00bb1&#8243; _builder_version=\u00bb3.22.3&#8243;][et_pb_row _builder_version=\u00bb3.22.3&#8243; background_size=\u00bbinitial\u00bb background_position=\u00bbtop_left\u00bb background_repeat=\u00bbrepeat\u00bb][et_pb_column type=\u00bb1_2&#8243; _builder_version=\u00bb3.0.47&#8243;][et_pb_text _builder_version=\u00bb3.0.94&#8243; text_font=\u00bbABeeZee||||||||\u00bb text_font_size=\u00bb16px\u00bb text_line_height=\u00bb1em\u00bb]<\/p>\n<p class=\"p2\">RESPONSABLE<\/p>\n<p class=\"p2\"><strong>Dr. Armando P\u00e9rez Torres <\/strong><\/p>\n<p class=\"p2\">PROFESOR TITULAR A, T.C. definitivo<\/p>\n<p class=\"p2\">SNI II, PRIDE D<\/p>\n<p class=\"p2\">Tel: 5623-2194<\/p>\n<p class=\"p2\"><a href=\"mailto:armandop@unam.mx\">armandop@unam.mx <\/a><\/p>\n<p>[\/et_pb_text][\/et_pb_column][et_pb_column type=\u00bb1_2&#8243; _builder_version=\u00bb3.0.47&#8243;][et_pb_text _builder_version=\u00bb3.0.94&#8243; text_font=\u00bbABeeZee||||||||\u00bb text_line_height=\u00bb1.2em\u00bb]<\/p>\n<p class=\"p3\"><b style=\"font-size: 14px;\">L\u00cdNEA DE INVESTIGACI\u00d3N: FILOGENIA DEL SISTEMA INMUNE DE PIEL Y MUCOSAS<\/b><span style=\"font-size: 14px;\">.<\/span><\/p>\n<p class=\"p2\">Proyectos propios y en colaboraci\u00f3n desarrollados dentro de la l\u00ednea de investigaci\u00f3n:<\/p>\n<p class=\"p2\">1. An\u00e1lisis inmunofenot\u00edpico y funcional de las c\u00e9lulas del sistema inmunol\u00f3gico de piel y mucosas en vertebrados no mam\u00edferos. <b>Responsable: ARMANDO PEREZ-TORRES<\/b>; participantes: IRMA LOPEZ E IVONNE SANCHEZ (Departamento de Biolog\u00eda Celular y Tisular).<\/p>\n<p class=\"p2\">2. Respuesta inmune temprana en un modelo de histoplasmosis pulmonar en rat\u00f3n. Responsable MA. LUCIA TAYLOR (Depto. de Microbiolog\u00eda y parasitolog\u00eda, Fac. de Medicina), <b>correspondable ARMANDO PEREZ TORRES <\/b>(Departamento de Biolog\u00eda Celular y Tisular). Proyecto de tesis de doctorado del Candidato a Doctor Jorge Sahaza\u00a0<span style=\"font-size: 14px;\">Carmona.<\/span><\/p>\n<p class=\"p2\">3. Papel de la mucosa nasal y del NALT en la infecci\u00f3n y diseminaci\u00f3n de pat\u00f3genos en modelos experimentales mam\u00edferos. <b>Responsable: ARMANDO PEREZ-TORRES <\/b>(Departamento de Biolog\u00eda Celular y Tisular); participante: MA. LUCIA TAYLOR (Depto. de Microbiolog\u00eda y parasitolog\u00eda, Fac. de Medicina).<\/p>\n<p class=\"p2\">4. Caracterizaci\u00f3n histol\u00f3gica e histoqu\u00edmica con las lectinas MAA, SNA y Grifonia simplicifolia dde la mucosa nasal y del NALT de cerdos en crecimiento sanos y con infecci\u00f3n experimental con rubulavirus. <b>RESPONSABLE ARMANDO PEREZ TORRES <\/b>(Departamento de Biolog\u00eda Celular y Tisular). Proyecto de tesis de Maestr\u00eda del MVZ Enrique Aguilar Mej\u00eda.<\/p>\n<p class=\"p2\">5. Participaci\u00f3n de las prote\u00ednas surfactantes A y D (SP-A y SP-D) y de la lectina de uni\u00f3n a manosa (MBL) durante la evoluci\u00f3n de la infecci\u00f3n experimental de ratones con el virus de influenza y su relaci\u00f3n con la respuesta inmune humoral. <b>RESPONSABLE ARMANDO PEREZ TORRES <\/b>(Departamento de Biolog\u00eda Celular y Tisular). Proyecto de tesis de Doctorado de la M. en C. Evelyn Pulido Camarillo.<\/p>\n<p class=\"p2\">6. Respuesta inmune asociada a la piel de rat\u00f3n ante la infecci\u00f3n experimental por Sporothrix schenckii. <b>Responsable: ARMANDO PEREZ-TORRES <\/b>(Departamento de Biolog\u00eda Celular y Tisular); particpante: HAYDEE TORRES GUERRERO (Depto. de Medicina Experimental).<\/p>\n<p class=\"p2\">7. Evoluci\u00f3n cl\u00ednica del melanoma experimental y diferentes tipos de respuesta inflamatoria peritumoral experimental. <b>Responsable: ARMANDO PEREZ-TORRES; <\/b>participantes: M.C. JESUS VERA (Servicio social en investigaci\u00f3n), Estudiante Carlos Vera Aguilera, M en C Evelyn Pulido Camarillo. (Departamento de Biolog\u00eda Celular y Tisular).<\/p>\n<p class=\"p2\">8. Leishmaniasis cut\u00e1nea experimental y de humanos: caracterizaci\u00f3n de la respuesta inmune innata. Responsable: INGEBORG BECKER (Depto. Medicina Experimental, Fac. de Medicina; <b>participante: ARMANDO PEREZ-TORRES <\/b>(Depto. de Biolog\u00eda Celular y Tisular).<\/p>\n<p class=\"p2\">9. Estudio de la regulaci\u00f3n que ejercen la testosterona y extractos salivales de <span class=\"s2\"><i>Lutzomia olmeca olmeca <\/i><\/span>sobre c\u00e9lulas cebadas y su asociaci\u00f3n con la leishmaniasis. Proyecto de tesis de la Biol Marina Laura<\/p>\n<p class=\"p2\">S\u00e1nchez Garc\u00eda. Tutora: INGEBORG BECKER (Depto. Medicina Experimental, Fac. de Medicina; <b>Comit\u00e9 tutoral: ARMANDO PEREZ-TORRES <\/b>(Depto. de Biolog\u00eda Celular y Tisular).<\/p>\n<p class=\"p2\">10. Cambios hipocampales en la rata inducidos por antioxidantes. Responsable: JAIME MAS OLIVA (Instituto de Fisiolog\u00eda Celular); <b>participante: ARMANDO PEREZ TORRES<\/b>.<\/p>\n<p class=\"p2\">11. Efectos antiateroscler\u00f3ticos de la respuesta inmune inducida por uno de los dominios de la prote\u00edna transferidora de colesterol en un modelo de hipertrigliceridemia e hipercolesterolemia en conejo. Responsable: JAIME MAS OLIVA (Instituto de Fisiolog\u00eda Celular); <b>participante: ARMANDO PEREZ TORRES. <\/b><\/p>\n<p class=\"p2\"><b>PUBLICACIONES DE LOS ULTIMOS TRES A\u00d1OS <\/b><\/p>\n<p class=\"p4\">1. The synthetic parasite-derived peptide GK1 increases survival in a preclinical mouse. Armando P\u00e9rez-Torres, Jes\u00fas Vera- Aguilera, Juan Carlos Herna\u00edz Leonardo, Eduardo Moreno Aguilera, Diego Monteverde Su\u00e1rez, DanielEstrada B\u00e1rcenas. Cancer Biotherapy and Radiopharmaceuticals [Epub ahead of print]<\/p>\n<p class=\"p4\">2. Effect of 1,25(OH)2D3 on BALB\/c mice infected with Leishmania mexicana.<\/p>\n<p class=\"p4\">Ramos-Mart\u00ednez E, Villase\u00f1or-Cardoso MI, L\u00f3pez-Vancell MR, Garc\u00eda-V\u00e1zquez FJ, P\u00e9rez-Torres A, Salaiza-Suazo N, P\u00e9rez-Tamayo R. Exp Parasitol. 2013 May 21;134(4):413-421. doi: 10.1016\/j.exppara.2013.05.009. [Epub ahead of print].PMID: 23707346 [PubMed &#8211; as supplied by publisher]<\/p>\n<p class=\"p4\">3. Persistence of porcine rubulavirus in experimentally infected boars.<\/p>\n<p class=\"p4\">Rivera-Benitez JF, Mart\u00ednez-Bautista R, P\u00e9rez-Torres A, Garc\u00eda-Contreras Adel C,<\/p>\n<p class=\"p4\">Reyes-Leyva J, Hern\u00e1ndez J, Ram\u00edrez-Mendoza H. Vet Microbiol. 2013 Mar 23;162(2-4):491-8. doi: 10.1016\/j.vetmic.2012.10.037. Epub 2012 Nov 11. PMID: 23201243 [PubMed &#8211; in process]<\/p>\n<p class=\"p4\">4. Phagocytic receptors on macrophages distinguish between different Sporothrix<\/p>\n<p class=\"p4\">schenckii morphotypes Guzman-Beltran S, Perez-Torres A, Coronel-Cruz C, Torres-Guerrero H Microbes Infect. 2012 Oct;14(12):1093-101. doi: 10.1016\/j.micinf.2012.06.001.<\/p>\n<p class=\"p4\">Epub 2012 Jul 3. PMID: 22771955 [PubMed &#8211; indexed for MEDLINE]<\/p>\n<p class=\"p4\">5. Osteopontin upregulation in atherogenesis is associated with cellular oxidative<\/p>\n<p class=\"p4\">stress triggered by the activation of scavenger receptors. Jim\u00e9nez-Corona AE, Dami\u00e1n-Zamacona S, P\u00e9rez-Torres A, Moreno A, Mas-Oliva J. Arch Med Res. 2012 Feb;43(2):102-11. doi: 10.1016\/j.arcmed.2012.03.001. Epub 2012 Mar 9.<\/p>\n<p class=\"p4\">6. Progesterone induces mucosal immunity in a rodent model of human taeniosis by<\/p>\n<p class=\"p4\">Taenia solium. Escobedo G, Camacho-Arroyo I, Nava-Luna P, Olivos A, P\u00e9rez-Torres A, Leon-Cabrera S, Carrero JC, Morales-Montor J. Int J Biol Sci. 2011;7(9):1443-56. Epub 2011 Nov 10.<\/p>\n<p class=\"p4\">PMCID: PMC3221950, PMID: 22110394 [PubMed &#8211; indexed for MEDLINE<\/p>\n<p class=\"p4\">7. Ultrastructural changes in the advanced third larval stage of Gnathostoma<\/p>\n<p class=\"p4\">binucleatum Almeyda-Artigas, 1991 (Nematoda: Spirurida) following albendazole and<\/p>\n<p class=\"p4\">albendazole sulfoxide in vitro exposure. Cruz-Reyes A, Ortega-Corona BG, Zepeda-Rodr\u00edguez A, P\u00e9rez-Torres A. Parasitol Res. 2012 Feb;110(2):557-63. doi: 10.1007\/s00436-011-2522-1. Epub 2011 Jul 9. PMID: 21744019 [PubMed &#8211; indexed for MEDLINE]<\/p>\n<p>[\/et_pb_text][\/et_pb_column][\/et_pb_row][\/et_pb_section]<\/p>\n","protected":false},"excerpt":{"rendered":"<p>RESPONSABLE Dr. Armando P\u00e9rez Torres PROFESOR TITULAR A, T.C. definitivo SNI II, PRIDE D Tel: 5623-2194 armandop@unam.mx L\u00cdNEA DE INVESTIGACI\u00d3N: FILOGENIA DEL SISTEMA INMUNE DE PIEL Y MUCOSAS. Proyectos propios y en colaboraci\u00f3n desarrollados dentro de la l\u00ednea de investigaci\u00f3n: 1. An\u00e1lisis inmunofenot\u00edpico y funcional de las c\u00e9lulas del sistema inmunol\u00f3gico de piel y mucosas [&hellip;]<\/p>\n","protected":false},"author":2,"featured_media":0,"parent":244,"menu_order":0,"comment_status":"closed","ping_status":"closed","template":"","meta":{"_et_pb_use_builder":"on","_et_pb_old_content":"","_et_gb_content_width":"","jetpack_post_was_ever_published":false,"footnotes":""},"class_list":["post-649","page","type-page","status-publish","hentry"],"jetpack_sharing_enabled":true,"jetpack_shortlink":"https:\/\/wp.me\/PaS2sz-at","_links":{"self":[{"href":"https:\/\/bct.facmed.unam.mx\/index.php\/wp-json\/wp\/v2\/pages\/649","targetHints":{"allow":["GET"]}}],"collection":[{"href":"https:\/\/bct.facmed.unam.mx\/index.php\/wp-json\/wp\/v2\/pages"}],"about":[{"href":"https:\/\/bct.facmed.unam.mx\/index.php\/wp-json\/wp\/v2\/types\/page"}],"author":[{"embeddable":true,"href":"https:\/\/bct.facmed.unam.mx\/index.php\/wp-json\/wp\/v2\/users\/2"}],"replies":[{"embeddable":true,"href":"https:\/\/bct.facmed.unam.mx\/index.php\/wp-json\/wp\/v2\/comments?post=649"}],"version-history":[{"count":8,"href":"https:\/\/bct.facmed.unam.mx\/index.php\/wp-json\/wp\/v2\/pages\/649\/revisions"}],"predecessor-version":[{"id":3312,"href":"https:\/\/bct.facmed.unam.mx\/index.php\/wp-json\/wp\/v2\/pages\/649\/revisions\/3312"}],"up":[{"embeddable":true,"href":"https:\/\/bct.facmed.unam.mx\/index.php\/wp-json\/wp\/v2\/pages\/244"}],"wp:attachment":[{"href":"https:\/\/bct.facmed.unam.mx\/index.php\/wp-json\/wp\/v2\/media?parent=649"}],"curies":[{"name":"wp","href":"https:\/\/api.w.org\/{rel}","templated":true}]}}