{"id":5110,"date":"2025-10-31T11:39:51","date_gmt":"2025-10-31T17:39:51","guid":{"rendered":"https:\/\/bct.facmed.unam.mx\/?page_id=5110"},"modified":"2025-10-31T13:12:23","modified_gmt":"2025-10-31T19:12:23","slug":"practicas-18-19-sistema-cardiovascular","status":"publish","type":"page","link":"https:\/\/bct.facmed.unam.mx\/index.php\/practicas-18-19-sistema-cardiovascular\/","title":{"rendered":"PR\u00c1CTICAS 18, 19. SISTEMA CARDIOVASCULAR"},"content":{"rendered":"<p>[et_pb_section fb_built=\u00bb1&#8243; _builder_version=\u00bb4.27.4&#8243; _module_preset=\u00bbdefault\u00bb global_colors_info=\u00bb{}\u00bb][et_pb_row _builder_version=\u00bb4.27.4&#8243; _module_preset=\u00bbdefault\u00bb global_colors_info=\u00bb{}\u00bb][et_pb_column type=\u00bb4_4&#8243; _builder_version=\u00bb4.27.4&#8243; _module_preset=\u00bbdefault\u00bb global_colors_info=\u00bb{}\u00bb][et_pb_text _builder_version=\u00bb4.27.4&#8243; _module_preset=\u00bbdefault\u00bb global_colors_info=\u00bb{}\u00bb]<\/p>\n<h1 style=\"text-align: center;\"><span style=\"color: #33cccc;\"><strong>PR\u00c1TICAS 18, 19. SISTEMA CARDIOVASCULAR<\/strong><\/span><\/h1>\n<p>[\/et_pb_text][\/et_pb_column][\/et_pb_row][et_pb_row column_structure=\u00bb1_3,1_3,1_3&#8243; _builder_version=\u00bb4.27.4&#8243; _module_preset=\u00bbdefault\u00bb global_colors_info=\u00bb{}\u00bb][et_pb_column type=\u00bb1_3&#8243; _builder_version=\u00bb4.27.4&#8243; _module_preset=\u00bbdefault\u00bb global_colors_info=\u00bb{}\u00bb][et_pb_code _builder_version=\u00bb4.27.4&#8243; _module_preset=\u00bbdefault\u00bb global_colors_info=\u00bb{}\u00bb]<div class=\"h5p-iframe-wrapper\"><iframe id=\"h5p-iframe-101\" class=\"h5p-iframe\" data-content-id=\"101\" style=\"height:1px\" src=\"about:blank\" frameBorder=\"0\" scrolling=\"no\" title=\"Pr\u00e1ctica 18.1 Nodo atrioventricular\"><\/iframe><\/div>[\/et_pb_code][\/et_pb_column][et_pb_column type=\u00bb1_3&#8243; _builder_version=\u00bb4.27.4&#8243; _module_preset=\u00bbdefault\u00bb global_colors_info=\u00bb{}\u00bb][et_pb_code _builder_version=\u00bb4.27.4&#8243; _module_preset=\u00bbdefault\u00bb global_colors_info=\u00bb{}\u00bb]<div class=\"h5p-iframe-wrapper\"><iframe id=\"h5p-iframe-100\" class=\"h5p-iframe\" data-content-id=\"100\" style=\"height:1px\" src=\"about:blank\" frameBorder=\"0\" scrolling=\"no\" title=\"Pr\u00e1ctica 18.2 Nodo sinoatrial\"><\/iframe><\/div>[\/et_pb_code][\/et_pb_column][et_pb_column type=\u00bb1_3&#8243; _builder_version=\u00bb4.27.4&#8243; _module_preset=\u00bbdefault\u00bb global_colors_info=\u00bb{}\u00bb][et_pb_code _builder_version=\u00bb4.27.4&#8243; _module_preset=\u00bbdefault\u00bb global_colors_info=\u00bb{}\u00bb]<div class=\"h5p-iframe-wrapper\"><iframe id=\"h5p-iframe-99\" class=\"h5p-iframe\" data-content-id=\"99\" style=\"height:1px\" src=\"about:blank\" frameBorder=\"0\" scrolling=\"no\" title=\"Pr\u00e1ctica 18.3 Capas histol\u00f3gicas del coraz\u00f3n. C\u00e9lulas de Purkinje\"><\/iframe><\/div>[\/et_pb_code][\/et_pb_column][\/et_pb_row][et_pb_row column_structure=\u00bb1_3,1_3,1_3&#8243; _builder_version=\u00bb4.27.4&#8243; _module_preset=\u00bbdefault\u00bb global_colors_info=\u00bb{}\u00bb][et_pb_column type=\u00bb1_3&#8243; _builder_version=\u00bb4.27.4&#8243; _module_preset=\u00bbdefault\u00bb global_colors_info=\u00bb{}\u00bb][et_pb_code _builder_version=\u00bb4.27.4&#8243; _module_preset=\u00bbdefault\u00bb global_colors_info=\u00bb{}\u00bb]<div class=\"h5p-iframe-wrapper\"><iframe id=\"h5p-iframe-96\" class=\"h5p-iframe\" data-content-id=\"96\" style=\"height:1px\" src=\"about:blank\" frameBorder=\"0\" scrolling=\"no\" title=\"Pr\u00e1ctica 19.1 Aorta\"><\/iframe><\/div>[\/et_pb_code][\/et_pb_column][et_pb_column type=\u00bb1_3&#8243; _builder_version=\u00bb4.27.4&#8243; _module_preset=\u00bbdefault\u00bb global_colors_info=\u00bb{}\u00bb][et_pb_code _builder_version=\u00bb4.27.4&#8243; _module_preset=\u00bbdefault\u00bb hover_enabled=\u00bb0&#8243; sticky_enabled=\u00bb0&#8243;]<div class=\"h5p-iframe-wrapper\"><iframe id=\"h5p-iframe-104\" class=\"h5p-iframe\" data-content-id=\"104\" style=\"height:1px\" src=\"about:blank\" frameBorder=\"0\" scrolling=\"no\" title=\"Pr\u00e1ctica 19.2 Cord\u00f3n esperm\u00e1tico\"><\/iframe><\/div>[\/et_pb_code][\/et_pb_column][et_pb_column type=\u00bb1_3&#8243; _builder_version=\u00bb4.27.4&#8243; _module_preset=\u00bbdefault\u00bb global_colors_info=\u00bb{}\u00bb][\/et_pb_column][\/et_pb_row][\/et_pb_section]<\/p>\n","protected":false},"excerpt":{"rendered":"<p>PR\u00c1TICAS 18, 19. SISTEMA CARDIOVASCULAR<div class=\"h5p-iframe-wrapper\"><iframe id=\"h5p-iframe-101\" class=\"h5p-iframe\" data-content-id=\"101\" style=\"height:1px\" src=\"about:blank\" frameBorder=\"0\" scrolling=\"no\" title=\"Pr\u00e1ctica 18.1 Nodo atrioventricular\"><\/iframe><\/div><div class=\"h5p-iframe-wrapper\"><iframe id=\"h5p-iframe-100\" class=\"h5p-iframe\" data-content-id=\"100\" style=\"height:1px\" src=\"about:blank\" frameBorder=\"0\" scrolling=\"no\" title=\"Pr\u00e1ctica 18.2 Nodo sinoatrial\"><\/iframe><\/div><div class=\"h5p-iframe-wrapper\"><iframe id=\"h5p-iframe-99\" class=\"h5p-iframe\" data-content-id=\"99\" style=\"height:1px\" src=\"about:blank\" frameBorder=\"0\" scrolling=\"no\" title=\"Pr\u00e1ctica 18.3 Capas histol\u00f3gicas del coraz\u00f3n. C\u00e9lulas de Purkinje\"><\/iframe><\/div><div class=\"h5p-iframe-wrapper\"><iframe id=\"h5p-iframe-96\" class=\"h5p-iframe\" data-content-id=\"96\" style=\"height:1px\" src=\"about:blank\" frameBorder=\"0\" scrolling=\"no\" title=\"Pr\u00e1ctica 19.1 Aorta\"><\/iframe><\/div><div class=\"h5p-iframe-wrapper\"><iframe id=\"h5p-iframe-104\" class=\"h5p-iframe\" data-content-id=\"104\" style=\"height:1px\" src=\"about:blank\" frameBorder=\"0\" scrolling=\"no\" title=\"Pr\u00e1ctica 19.2 Cord\u00f3n esperm\u00e1tico\"><\/iframe><\/div><\/p>\n","protected":false},"author":2,"featured_media":0,"parent":0,"menu_order":0,"comment_status":"closed","ping_status":"closed","template":"","meta":{"_et_pb_use_builder":"on","_et_pb_old_content":"","_et_gb_content_width":"","jetpack_post_was_ever_published":false,"footnotes":""},"class_list":["post-5110","page","type-page","status-publish","hentry"],"jetpack_sharing_enabled":true,"jetpack_shortlink":"https:\/\/wp.me\/PaS2sz-1kq","_links":{"self":[{"href":"https:\/\/bct.facmed.unam.mx\/index.php\/wp-json\/wp\/v2\/pages\/5110","targetHints":{"allow":["GET"]}}],"collection":[{"href":"https:\/\/bct.facmed.unam.mx\/index.php\/wp-json\/wp\/v2\/pages"}],"about":[{"href":"https:\/\/bct.facmed.unam.mx\/index.php\/wp-json\/wp\/v2\/types\/page"}],"author":[{"embeddable":true,"href":"https:\/\/bct.facmed.unam.mx\/index.php\/wp-json\/wp\/v2\/users\/2"}],"replies":[{"embeddable":true,"href":"https:\/\/bct.facmed.unam.mx\/index.php\/wp-json\/wp\/v2\/comments?post=5110"}],"version-history":[{"count":5,"href":"https:\/\/bct.facmed.unam.mx\/index.php\/wp-json\/wp\/v2\/pages\/5110\/revisions"}],"predecessor-version":[{"id":5120,"href":"https:\/\/bct.facmed.unam.mx\/index.php\/wp-json\/wp\/v2\/pages\/5110\/revisions\/5120"}],"wp:attachment":[{"href":"https:\/\/bct.facmed.unam.mx\/index.php\/wp-json\/wp\/v2\/media?parent=5110"}],"curies":[{"name":"wp","href":"https:\/\/api.w.org\/{rel}","templated":true}]}}