{"id":4347,"date":"2023-11-13T12:24:44","date_gmt":"2023-11-13T18:24:44","guid":{"rendered":"https:\/\/bct.facmed.unam.mx\/?page_id=4347"},"modified":"2024-03-20T13:10:30","modified_gmt":"2024-03-20T19:10:30","slug":"quiz-de-histologia","status":"publish","type":"page","link":"https:\/\/bct.facmed.unam.mx\/index.php\/quiz-de-histologia\/","title":{"rendered":"QUIZ DE HISTOLOG\u00cdA"},"content":{"rendered":"<p>[et_pb_section fb_built=\u00bb1&#8243; _builder_version=\u00bb4.22.1&#8243; _module_preset=\u00bbdefault\u00bb global_colors_info=\u00bb{}\u00bb][et_pb_row _builder_version=\u00bb4.22.1&#8243; _module_preset=\u00bbdefault\u00bb global_colors_info=\u00bb{}\u00bb][et_pb_column type=\u00bb4_4&#8243; _builder_version=\u00bb4.22.1&#8243; _module_preset=\u00bbdefault\u00bb global_colors_info=\u00bb{}\u00bb][et_pb_blurb title=\u00bbQUIZ DE HISTOLOG\u00cdA\u00bb image=\u00bbhttps:\/\/bct.facmed.unam.mx\/wp-content\/uploads\/2023\/11\/Geneally2.jpg\u00bb _builder_version=\u00bb4.22.1&#8243; _module_preset=\u00bbdefault\u00bb header_level=\u00bbh1&#8243; header_font=\u00bb|700|||||||\u00bb header_text_align=\u00bbcenter\u00bb header_text_color=\u00bb#00B2A3&#8243; header_font_size=\u00bb43px\u00bb global_colors_info=\u00bb{}\u00bb]<\/p>\n<h4 style=\"text-align: center;\"><span style=\"color: #000080;\"><strong>Son actividades para reforzar la identificaci\u00f3n de las im\u00e1genes histol\u00f3gicas a trav\u00e9s de preguntas<\/strong><\/span><\/h4>\n<p>[\/et_pb_blurb][\/et_pb_column][\/et_pb_row][et_pb_row _builder_version=\u00bb4.22.1&#8243; _module_preset=\u00bbdefault\u00bb global_colors_info=\u00bb{}\u00bb][et_pb_column type=\u00bb4_4&#8243; _builder_version=\u00bb4.22.1&#8243; _module_preset=\u00bbdefault\u00bb global_colors_info=\u00bb{}\u00bb][et_pb_text _builder_version=\u00bb4.22.1&#8243; _module_preset=\u00bbdefault\u00bb text_font=\u00bb|700|||||||\u00bb text_text_color=\u00bb#00B2A3&#8243; text_font_size=\u00bb76px\u00bb header_font=\u00bb|700|||||||\u00bb header_text_align=\u00bbcenter\u00bb header_text_color=\u00bb#00B2A3&#8243; header_font_size=\u00bb40px\u00bb text_orientation=\u00bbcenter\u00bb global_colors_info=\u00bb{}\u00bb]<\/p>\n<h1 style=\"text-align: center;\"><span style=\"color: #008080;\"><strong>1\u00b0 BLOQUE<\/strong><\/span><\/h1>\n<p>[\/et_pb_text][\/et_pb_column][\/et_pb_row][et_pb_row column_structure=\u00bb1_3,1_3,1_3&#8243; _builder_version=\u00bb4.22.1&#8243; _module_preset=\u00bbdefault\u00bb global_colors_info=\u00bb{}\u00bb][et_pb_column type=\u00bb1_3&#8243; _builder_version=\u00bb4.22.1&#8243; _module_preset=\u00bbdefault\u00bb global_colors_info=\u00bb{}\u00bb][et_pb_blurb title=\u00bbQUIZ. T\u00c9CNICA HISTOL\u00d3GICA\u00bb url=\u00bbhttps:\/\/view.genial.ly\/64dbd4031c1e4f00195dd804&#8243; url_new_window=\u00bbon\u00bb image=\u00bbhttps:\/\/bct.facmed.unam.mx\/wp-content\/uploads\/2023\/11\/QUIZ-TECNICA-HISTOLOGICA.jpg\u00bb _builder_version=\u00bb4.22.1&#8243; _module_preset=\u00bbdefault\u00bb header_level=\u00bbh2&#8243; header_font=\u00bb|700|||||||\u00bb header_text_align=\u00bbcenter\u00bb header_text_color=\u00bb#00B2A3&#8243; global_colors_info=\u00bb{}\u00bb][\/et_pb_blurb][\/et_pb_column][et_pb_column type=\u00bb1_3&#8243; _builder_version=\u00bb4.22.1&#8243; _module_preset=\u00bbdefault\u00bb global_colors_info=\u00bb{}\u00bb][et_pb_blurb title=\u00bbQUIZ. MICROSCOP\u00cdA\u00bb url=\u00bbhttps:\/\/view.genial.ly\/64dbd44f7aa77e001df35bd4&#8243; url_new_window=\u00bbon\u00bb image=\u00bbhttps:\/\/bct.facmed.unam.mx\/wp-content\/uploads\/2023\/11\/QIZ-MICROSCOPIA.jpg\u00bb _builder_version=\u00bb4.22.1&#8243; _module_preset=\u00bbdefault\u00bb header_level=\u00bbh2&#8243; header_font=\u00bb|700|||||||\u00bb header_text_align=\u00bbcenter\u00bb header_text_color=\u00bb#00B2A3&#8243; locked=\u00bboff\u00bb global_colors_info=\u00bb{}\u00bb][\/et_pb_blurb][\/et_pb_column][et_pb_column type=\u00bb1_3&#8243; _builder_version=\u00bb4.22.1&#8243; _module_preset=\u00bbdefault\u00bb global_colors_info=\u00bb{}\u00bb][et_pb_blurb title=\u00bbQUIZ. BIOLOG\u00cdA CELULAR\u00bb url=\u00bbhttps:\/\/view.genial.ly\/65a175546dc7a50014f13794&#8243; url_new_window=\u00bbon\u00bb image=\u00bbhttps:\/\/bct.facmed.unam.mx\/wp-content\/uploads\/2024\/03\/BC.jpg\u00bb _builder_version=\u00bb4.23.1&#8243; _module_preset=\u00bbdefault\u00bb header_level=\u00bbh2&#8243; header_font=\u00bb|700|||||||\u00bb header_text_align=\u00bbcenter\u00bb header_text_color=\u00bb#00B2A3&#8243; hover_enabled=\u00bb0&#8243; locked=\u00bboff\u00bb global_colors_info=\u00bb{}\u00bb title_text=\u00bbBC\u00bb sticky_enabled=\u00bb0&#8243;][\/et_pb_blurb][\/et_pb_column][\/et_pb_row][et_pb_row column_structure=\u00bb1_3,1_3,1_3&#8243; _builder_version=\u00bb4.22.1&#8243; _module_preset=\u00bbdefault\u00bb global_colors_info=\u00bb{}\u00bb][et_pb_column type=\u00bb1_3&#8243; _builder_version=\u00bb4.22.1&#8243; _module_preset=\u00bbdefault\u00bb global_colors_info=\u00bb{}\u00bb][et_pb_blurb title=\u00bbQUIZ. TEJIDO EPITELIAL\u00bb url=\u00bbhttps:\/\/view.genial.ly\/65a1786ace48c100146d2d06&#8243; url_new_window=\u00bbon\u00bb image=\u00bbhttps:\/\/bct.facmed.unam.mx\/wp-content\/uploads\/2024\/03\/TE.jpg\u00bb _builder_version=\u00bb4.23.1&#8243; _module_preset=\u00bbdefault\u00bb header_level=\u00bbh2&#8243; header_font=\u00bb|700|||||||\u00bb header_text_align=\u00bbcenter\u00bb header_text_color=\u00bb#00B2A3&#8243; hover_enabled=\u00bb0&#8243; global_colors_info=\u00bb{}\u00bb title_text=\u00bbTE\u00bb sticky_enabled=\u00bb0&#8243;][\/et_pb_blurb][\/et_pb_column][et_pb_column type=\u00bb1_3&#8243; _builder_version=\u00bb4.22.1&#8243; _module_preset=\u00bbdefault\u00bb global_colors_info=\u00bb{}\u00bb][et_pb_blurb title=\u00bbQUIZ. GL\u00c1NDULAS EXOCRINAS\u00bb url=\u00bbhttps:\/\/view.genial.ly\/65a309220a116a0014712135&#8243; url_new_window=\u00bbon\u00bb image=\u00bbhttps:\/\/bct.facmed.unam.mx\/wp-content\/uploads\/2024\/03\/GE.jpg\u00bb _builder_version=\u00bb4.23.1&#8243; _module_preset=\u00bbdefault\u00bb header_level=\u00bbh2&#8243; header_font=\u00bb|700|||||||\u00bb header_text_align=\u00bbcenter\u00bb header_text_color=\u00bb#00B2A3&#8243; hover_enabled=\u00bb0&#8243; locked=\u00bboff\u00bb global_colors_info=\u00bb{}\u00bb title_text=\u00bbGE\u00bb sticky_enabled=\u00bb0&#8243;][\/et_pb_blurb][\/et_pb_column][et_pb_column type=\u00bb1_3&#8243; _builder_version=\u00bb4.22.1&#8243; _module_preset=\u00bbdefault\u00bb global_colors_info=\u00bb{}\u00bb][et_pb_blurb title=\u00bbQUIZ. TEJIDO CONJUNTIVO\u00bb url=\u00bbhttps:\/\/view.genial.ly\/65a302810a116a00146eb24e\u00bb url_new_window=\u00bbon\u00bb image=\u00bbhttps:\/\/bct.facmed.unam.mx\/wp-content\/uploads\/2024\/03\/TC.jpg\u00bb _builder_version=\u00bb4.23.1&#8243; _module_preset=\u00bbdefault\u00bb header_level=\u00bbh2&#8243; header_font=\u00bb|700|||||||\u00bb header_text_align=\u00bbcenter\u00bb header_text_color=\u00bb#00B2A3&#8243; hover_enabled=\u00bb0&#8243; locked=\u00bboff\u00bb global_colors_info=\u00bb{}\u00bb title_text=\u00bbTC\u00bb sticky_enabled=\u00bb0&#8243;][\/et_pb_blurb][\/et_pb_column][\/et_pb_row][et_pb_row column_structure=\u00bb1_3,1_3,1_3&#8243; _builder_version=\u00bb4.22.1&#8243; _module_preset=\u00bbdefault\u00bb global_colors_info=\u00bb{}\u00bb][et_pb_column type=\u00bb1_3&#8243; _builder_version=\u00bb4.22.1&#8243; _module_preset=\u00bbdefault\u00bb global_colors_info=\u00bb{}\u00bb][et_pb_blurb title=\u00bbQUIZ. TEJIDO ADIPOSO\u00bb url=\u00bbhttps:\/\/view.genial.ly\/65b008809db50a0015a03931&#8243; url_new_window=\u00bbon\u00bb image=\u00bbhttps:\/\/bct.facmed.unam.mx\/wp-content\/uploads\/2024\/03\/TA.jpg\u00bb _builder_version=\u00bb4.23.1&#8243; _module_preset=\u00bbdefault\u00bb header_level=\u00bbh2&#8243; header_font=\u00bb|700|||||||\u00bb header_text_align=\u00bbcenter\u00bb header_text_color=\u00bb#00B2A3&#8243; hover_enabled=\u00bb0&#8243; global_colors_info=\u00bb{}\u00bb title_text=\u00bbTA\u00bb sticky_enabled=\u00bb0&#8243;][\/et_pb_blurb][\/et_pb_column][et_pb_column type=\u00bb1_3&#8243; _builder_version=\u00bb4.22.1&#8243; _module_preset=\u00bbdefault\u00bb global_colors_info=\u00bb{}\u00bb][et_pb_blurb title=\u00bbQUIZ. TEJIDO CARTILAGINOSO\u00bb url=\u00bbhttps:\/\/view.genial.ly\/65aed295ecc6e200141a1751&#8243; url_new_window=\u00bbon\u00bb image=\u00bbhttps:\/\/bct.facmed.unam.mx\/wp-content\/uploads\/2024\/03\/TCA.jpg\u00bb _builder_version=\u00bb4.23.1&#8243; _module_preset=\u00bbdefault\u00bb header_level=\u00bbh2&#8243; header_font=\u00bb|700|||||||\u00bb header_text_align=\u00bbcenter\u00bb header_text_color=\u00bb#00B2A3&#8243; hover_enabled=\u00bb0&#8243; locked=\u00bboff\u00bb global_colors_info=\u00bb{}\u00bb title_text=\u00bbTCA\u00bb sticky_enabled=\u00bb0&#8243;][\/et_pb_blurb][\/et_pb_column][et_pb_column type=\u00bb1_3&#8243; _builder_version=\u00bb4.22.1&#8243; _module_preset=\u00bbdefault\u00bb global_colors_info=\u00bb{}\u00bb][et_pb_blurb title=\u00bbQUIZ. TEJIDO \u00d3SEO\u00bb url=\u00bbhttps:\/\/view.genial.ly\/65c3a13c57f44700156ba4c5&#8243; url_new_window=\u00bbon\u00bb image=\u00bbhttps:\/\/bct.facmed.unam.mx\/wp-content\/uploads\/2024\/03\/TO.jpg\u00bb _builder_version=\u00bb4.23.1&#8243; _module_preset=\u00bbdefault\u00bb header_level=\u00bbh2&#8243; header_font=\u00bb|700|||||||\u00bb header_text_align=\u00bbcenter\u00bb header_text_color=\u00bb#00B2A3&#8243; hover_enabled=\u00bb0&#8243; locked=\u00bboff\u00bb global_colors_info=\u00bb{}\u00bb title_text=\u00bbTO\u00bb sticky_enabled=\u00bb0&#8243;][\/et_pb_blurb][\/et_pb_column][\/et_pb_row][et_pb_row _builder_version=\u00bb4.22.1&#8243; _module_preset=\u00bbdefault\u00bb global_colors_info=\u00bb{}\u00bb][et_pb_column type=\u00bb4_4&#8243; _builder_version=\u00bb4.22.1&#8243; _module_preset=\u00bbdefault\u00bb global_colors_info=\u00bb{}\u00bb][et_pb_text _builder_version=\u00bb4.22.1&#8243; _module_preset=\u00bbdefault\u00bb text_font=\u00bb|700|||||||\u00bb text_text_color=\u00bb#00B2A3&#8243; text_font_size=\u00bb76px\u00bb header_font=\u00bb|700|||||||\u00bb header_text_align=\u00bbcenter\u00bb header_text_color=\u00bb#00B377&#8243; header_font_size=\u00bb40px\u00bb text_orientation=\u00bbcenter\u00bb locked=\u00bboff\u00bb global_colors_info=\u00bb{}\u00bb]<\/p>\n<h1 style=\"text-align: center;\"><span style=\"color: #339966;\"><strong>2\u00ba BLOQUE<\/strong><\/span><\/h1>\n<p>[\/et_pb_text][\/et_pb_column][\/et_pb_row][et_pb_row column_structure=\u00bb1_3,1_3,1_3&#8243; _builder_version=\u00bb4.22.1&#8243; _module_preset=\u00bbdefault\u00bb global_colors_info=\u00bb{}\u00bb][et_pb_column type=\u00bb1_3&#8243; _builder_version=\u00bb4.22.1&#8243; _module_preset=\u00bbdefault\u00bb global_colors_info=\u00bb{}\u00bb][et_pb_blurb title=\u00bbQUIZ. TEJIDO MUSCULAR\u00bb url=\u00bbhttps:\/\/view.genial.ly\/64480682e4d940001a78ede0&#8243; image=\u00bbhttps:\/\/bct.facmed.unam.mx\/wp-content\/uploads\/2023\/11\/Quiz-Muscular.jpg\u00bb _builder_version=\u00bb4.22.1&#8243; _module_preset=\u00bbdefault\u00bb header_level=\u00bbh2&#8243; header_font=\u00bb|700|||||||\u00bb header_text_align=\u00bbcenter\u00bb header_text_color=\u00bb#00B2A3&#8243; global_colors_info=\u00bb{}\u00bb][\/et_pb_blurb][\/et_pb_column][et_pb_column type=\u00bb1_3&#8243; _builder_version=\u00bb4.22.1&#8243; _module_preset=\u00bbdefault\u00bb global_colors_info=\u00bb{}\u00bb][et_pb_blurb title=\u00bbQUIZ. TEJIDO NERVIOSO\u00bb url=\u00bbhttps:\/\/view.genial.ly\/6552755a78ab62001105b8ea\u00bb url_new_window=\u00bbon\u00bb image=\u00bbhttps:\/\/bct.facmed.unam.mx\/wp-content\/uploads\/2023\/11\/Geneally-nervioso.jpg\u00bb _builder_version=\u00bb4.22.1&#8243; _module_preset=\u00bbdefault\u00bb header_level=\u00bbh2&#8243; header_font=\u00bb|700|||||||\u00bb header_text_align=\u00bbcenter\u00bb header_text_color=\u00bb#00B2A3&#8243; locked=\u00bboff\u00bb global_colors_info=\u00bb{}\u00bb][\/et_pb_blurb][\/et_pb_column][et_pb_column type=\u00bb1_3&#8243; _builder_version=\u00bb4.22.1&#8243; _module_preset=\u00bbdefault\u00bb global_colors_info=\u00bb{}\u00bb][et_pb_blurb title=\u00bbQUIZ. OJO Y O\u00cdDO\u00bb url=\u00bbhttps:\/\/view.genial.ly\/64488c3b7c0f250011e06cae\u00bb url_new_window=\u00bbon\u00bb image=\u00bbhttps:\/\/bct.facmed.unam.mx\/wp-content\/uploads\/2023\/11\/QIZ.-OJO-Y-OIDO.jpg\u00bb _builder_version=\u00bb4.22.1&#8243; _module_preset=\u00bbdefault\u00bb header_level=\u00bbh2&#8243; header_font=\u00bb|700|||||||\u00bb header_text_align=\u00bbcenter\u00bb header_text_color=\u00bb#00B2A3&#8243; locked=\u00bboff\u00bb global_colors_info=\u00bb{}\u00bb][\/et_pb_blurb][\/et_pb_column][\/et_pb_row][et_pb_row column_structure=\u00bb1_3,1_3,1_3&#8243; _builder_version=\u00bb4.22.1&#8243; _module_preset=\u00bbdefault\u00bb global_colors_info=\u00bb{}\u00bb][et_pb_column type=\u00bb1_3&#8243; _builder_version=\u00bb4.22.1&#8243; _module_preset=\u00bbdefault\u00bb global_colors_info=\u00bb{}\u00bb][et_pb_blurb title=\u00bbQUIZ. SISTEMA CARDIOVASCULAR\u00bb url=\u00bbhttps:\/\/view.genial.ly\/644808f1cd62990019938843&#8243; url_new_window=\u00bbon\u00bb image=\u00bbhttps:\/\/bct.facmed.unam.mx\/wp-content\/uploads\/2023\/11\/QIZ-CARDIOVASCULAR.jpg\u00bb _builder_version=\u00bb4.22.1&#8243; _module_preset=\u00bbdefault\u00bb header_level=\u00bbh2&#8243; header_font=\u00bb|700|||||||\u00bb header_text_align=\u00bbcenter\u00bb header_text_color=\u00bb#00B2A3&#8243; locked=\u00bboff\u00bb global_colors_info=\u00bb{}\u00bb][\/et_pb_blurb][\/et_pb_column][et_pb_column type=\u00bb1_3&#8243; _builder_version=\u00bb4.22.1&#8243; _module_preset=\u00bbdefault\u00bb global_colors_info=\u00bb{}\u00bb][et_pb_blurb title=\u00bbQUIZ. SANGRE Y HEMATOPOYESIS\u00bb url=\u00bbhttps:\/\/view.genial.ly\/6553a52338299500112c3f79&#8243; url_new_window=\u00bbon\u00bb image=\u00bbhttps:\/\/bct.facmed.unam.mx\/wp-content\/uploads\/2023\/11\/Genealy-Sangre.png\u00bb _builder_version=\u00bb4.22.1&#8243; _module_preset=\u00bbdefault\u00bb header_level=\u00bbh2&#8243; header_font=\u00bb|700|||||||\u00bb header_text_align=\u00bbcenter\u00bb header_text_color=\u00bb#00B2A3&#8243; locked=\u00bboff\u00bb global_colors_info=\u00bb{}\u00bb][\/et_pb_blurb][\/et_pb_column][et_pb_column type=\u00bb1_3&#8243; _builder_version=\u00bb4.22.1&#8243; _module_preset=\u00bbdefault\u00bb global_colors_info=\u00bb{}\u00bb][et_pb_blurb title=\u00bbQUIZ. TEJIDO LINFOIDE\u00bb url=\u00bbhttps:\/\/view.genial.ly\/6553eb7686aeca001185b315&#8243; url_new_window=\u00bbon\u00bb image=\u00bbhttps:\/\/bct.facmed.unam.mx\/wp-content\/uploads\/2023\/11\/Quiz-LINFOIDE.jpg\u00bb _builder_version=\u00bb4.22.1&#8243; _module_preset=\u00bbdefault\u00bb header_level=\u00bbh2&#8243; header_font=\u00bb|700|||||||\u00bb header_text_align=\u00bbcenter\u00bb header_text_color=\u00bb#00B2A3&#8243; locked=\u00bboff\u00bb global_colors_info=\u00bb{}\u00bb][\/et_pb_blurb][\/et_pb_column][\/et_pb_row][et_pb_row _builder_version=\u00bb4.22.1&#8243; _module_preset=\u00bbdefault\u00bb global_colors_info=\u00bb{}\u00bb][et_pb_column type=\u00bb4_4&#8243; _builder_version=\u00bb4.22.1&#8243; _module_preset=\u00bbdefault\u00bb global_colors_info=\u00bb{}\u00bb][et_pb_text _builder_version=\u00bb4.22.1&#8243; _module_preset=\u00bbdefault\u00bb text_font=\u00bb|700|||||||\u00bb text_text_color=\u00bb#00B2A3&#8243; text_font_size=\u00bb76px\u00bb header_font=\u00bb|700|||||||\u00bb header_text_align=\u00bbcenter\u00bb header_text_color=\u00bb#00B377&#8243; header_font_size=\u00bb40px\u00bb text_orientation=\u00bbcenter\u00bb locked=\u00bboff\u00bb global_colors_info=\u00bb{}\u00bb]<\/p>\n<h1 style=\"text-align: center;\"><span style=\"color: #339966;\"><strong>3\u00ba BLOQUE<\/strong><\/span><\/h1>\n<p>[\/et_pb_text][\/et_pb_column][\/et_pb_row][et_pb_row column_structure=\u00bb1_3,1_3,1_3&#8243; _builder_version=\u00bb4.22.1&#8243; _module_preset=\u00bbdefault\u00bb global_colors_info=\u00bb{}\u00bb][et_pb_column type=\u00bb1_3&#8243; _builder_version=\u00bb4.22.1&#8243; _module_preset=\u00bbdefault\u00bb global_colors_info=\u00bb{}\u00bb][et_pb_blurb title=\u00bbQUIZ. SISTEMA RESPIRATORIO\u00bb url=\u00bbhttps:\/\/view.genial.ly\/642b1cbdc591e100182780bd\u00bb url_new_window=\u00bbon\u00bb image=\u00bbhttps:\/\/bct.facmed.unam.mx\/wp-content\/uploads\/2023\/11\/QIZ-RESPIRATORIO.jpg\u00bb _builder_version=\u00bb4.22.1&#8243; _module_preset=\u00bbdefault\u00bb header_level=\u00bbh2&#8243; header_font=\u00bb|700|||||||\u00bb header_text_align=\u00bbcenter\u00bb header_text_color=\u00bb#00B2A3&#8243; locked=\u00bboff\u00bb global_colors_info=\u00bb{}\u00bb][\/et_pb_blurb][\/et_pb_column][et_pb_column type=\u00bb1_3&#8243; _builder_version=\u00bb4.22.1&#8243; _module_preset=\u00bbdefault\u00bb global_colors_info=\u00bb{}\u00bb][et_pb_blurb title=\u00bbQUIZ. SISTEMA TEGUMENTARIO\u00bb url=\u00bbhttps:\/\/view.genial.ly\/64482833579a4800138dcfd5&#8243; url_new_window=\u00bbon\u00bb image=\u00bbhttps:\/\/bct.facmed.unam.mx\/wp-content\/uploads\/2023\/11\/QIZ-TEGUMENTARIO.jpg\u00bb _builder_version=\u00bb4.22.1&#8243; _module_preset=\u00bbdefault\u00bb header_level=\u00bbh2&#8243; header_font=\u00bb|700|||||||\u00bb header_text_align=\u00bbcenter\u00bb header_text_color=\u00bb#00B2A3&#8243; locked=\u00bboff\u00bb global_colors_info=\u00bb{}\u00bb][\/et_pb_blurb][\/et_pb_column][et_pb_column type=\u00bb1_3&#8243; _builder_version=\u00bb4.22.1&#8243; _module_preset=\u00bbdefault\u00bb global_colors_info=\u00bb{}\u00bb][et_pb_blurb title=\u00bbQUIZ. SISTEMA ENDOCRINO\u00bb url=\u00bbhttps:\/\/view.genial.ly\/6427a514ed6fee001114c491&#8243; url_new_window=\u00bbon\u00bb image=\u00bbhttps:\/\/bct.facmed.unam.mx\/wp-content\/uploads\/2023\/11\/QIZ-ENDOCRINO.jpg\u00bb _builder_version=\u00bb4.22.1&#8243; _module_preset=\u00bbdefault\u00bb header_level=\u00bbh2&#8243; header_font=\u00bb|700|||||||\u00bb header_text_align=\u00bbcenter\u00bb header_text_color=\u00bb#00B2A3&#8243; locked=\u00bboff\u00bb global_colors_info=\u00bb{}\u00bb][\/et_pb_blurb][\/et_pb_column][\/et_pb_row][et_pb_row column_structure=\u00bb1_3,1_3,1_3&#8243; _builder_version=\u00bb4.22.1&#8243; _module_preset=\u00bbdefault\u00bb global_colors_info=\u00bb{}\u00bb][et_pb_column type=\u00bb1_3&#8243; _builder_version=\u00bb4.22.1&#8243; _module_preset=\u00bbdefault\u00bb global_colors_info=\u00bb{}\u00bb][et_pb_blurb title=\u00bbQUIZ. SISTEMA DIGESTIVO\u00bb url=\u00bbhttps:\/\/view.genial.ly\/64345ff2197ba60017a804e6&#8243; url_new_window=\u00bbon\u00bb image=\u00bbhttps:\/\/bct.facmed.unam.mx\/wp-content\/uploads\/2023\/11\/QUIZ-DIGESTIVO.jpg\u00bb _builder_version=\u00bb4.22.1&#8243; _module_preset=\u00bbdefault\u00bb header_level=\u00bbh2&#8243; header_font=\u00bb|700|||||||\u00bb header_text_align=\u00bbcenter\u00bb header_text_color=\u00bb#00B2A3&#8243; locked=\u00bboff\u00bb global_colors_info=\u00bb{}\u00bb][\/et_pb_blurb][\/et_pb_column][et_pb_column type=\u00bb1_3&#8243; _builder_version=\u00bb4.22.1&#8243; _module_preset=\u00bbdefault\u00bb global_colors_info=\u00bb{}\u00bb][et_pb_blurb title=\u00bbQUIZ. SISTEMA URINARIO\u00bb url=\u00bbhttps:\/\/view.genial.ly\/644979fcf7a5220011b6499d\u00bb url_new_window=\u00bbon\u00bb image=\u00bbhttps:\/\/bct.facmed.unam.mx\/wp-content\/uploads\/2023\/11\/QUIZ-URINARIO.jpg\u00bb _builder_version=\u00bb4.22.1&#8243; _module_preset=\u00bbdefault\u00bb header_level=\u00bbh2&#8243; header_font=\u00bb|700|||||||\u00bb header_text_align=\u00bbcenter\u00bb header_text_color=\u00bb#00B2A3&#8243; locked=\u00bboff\u00bb global_colors_info=\u00bb{}\u00bb][\/et_pb_blurb][\/et_pb_column][et_pb_column type=\u00bb1_3&#8243; _builder_version=\u00bb4.22.1&#8243; _module_preset=\u00bbdefault\u00bb global_colors_info=\u00bb{}\u00bb][et_pb_blurb title=\u00bbQUIZ. REPRODUCTOR FEMENINO\u00bb url=\u00bbhttps:\/\/view.genial.ly\/644b22c654c15a001b3c60f8&#8243; url_new_window=\u00bbon\u00bb image=\u00bbhttps:\/\/bct.facmed.unam.mx\/wp-content\/uploads\/2023\/11\/QUIZ.-R-FEMENINO.jpg\u00bb _builder_version=\u00bb4.22.1&#8243; _module_preset=\u00bbdefault\u00bb header_level=\u00bbh2&#8243; header_font=\u00bb|700|||||||\u00bb header_text_align=\u00bbcenter\u00bb header_text_color=\u00bb#00B2A3&#8243; locked=\u00bboff\u00bb global_colors_info=\u00bb{}\u00bb][\/et_pb_blurb][\/et_pb_column][\/et_pb_row][et_pb_row column_structure=\u00bb1_3,1_3,1_3&#8243; _builder_version=\u00bb4.22.1&#8243; _module_preset=\u00bbdefault\u00bb global_colors_info=\u00bb{}\u00bb][et_pb_column type=\u00bb1_3&#8243; _builder_version=\u00bb4.22.1&#8243; _module_preset=\u00bbdefault\u00bb global_colors_info=\u00bb{}\u00bb][et_pb_blurb title=\u00bbQUIZ. REPRODUCTOR MASCULINO\u00bb url=\u00bbhttps:\/\/view.genial.ly\/6449e5320e4bd40011aedbf0&#8243; url_new_window=\u00bbon\u00bb image=\u00bbhttps:\/\/bct.facmed.unam.mx\/wp-content\/uploads\/2023\/11\/QUIZ.-R-MASCULINO.jpg\u00bb _builder_version=\u00bb4.22.1&#8243; _module_preset=\u00bbdefault\u00bb header_level=\u00bbh2&#8243; header_font=\u00bb|700|||||||\u00bb header_text_align=\u00bbcenter\u00bb header_text_color=\u00bb#00B2A3&#8243; locked=\u00bboff\u00bb global_colors_info=\u00bb{}\u00bb][\/et_pb_blurb][\/et_pb_column][et_pb_column type=\u00bb1_3&#8243; _builder_version=\u00bb4.22.1&#8243; _module_preset=\u00bbdefault\u00bb global_colors_info=\u00bb{}\u00bb][\/et_pb_column][et_pb_column type=\u00bb1_3&#8243; _builder_version=\u00bb4.22.1&#8243; _module_preset=\u00bbdefault\u00bb global_colors_info=\u00bb{}\u00bb][\/et_pb_column][\/et_pb_row][\/et_pb_section]<\/p>\n","protected":false},"excerpt":{"rendered":"<p>Son actividades para reforzar la identificaci\u00f3n de las im\u00e1genes histol\u00f3gicas a trav\u00e9s de preguntas1\u00b0 BLOQUE2\u00ba BLOQUE3\u00ba BLOQUE<\/p>\n","protected":false},"author":2,"featured_media":0,"parent":0,"menu_order":0,"comment_status":"closed","ping_status":"closed","template":"","meta":{"_et_pb_use_builder":"on","_et_pb_old_content":"","_et_gb_content_width":"","jetpack_post_was_ever_published":false,"footnotes":""},"class_list":["post-4347","page","type-page","status-publish","hentry"],"jetpack_sharing_enabled":true,"jetpack_shortlink":"https:\/\/wp.me\/PaS2sz-187","_links":{"self":[{"href":"https:\/\/bct.facmed.unam.mx\/index.php\/wp-json\/wp\/v2\/pages\/4347","targetHints":{"allow":["GET"]}}],"collection":[{"href":"https:\/\/bct.facmed.unam.mx\/index.php\/wp-json\/wp\/v2\/pages"}],"about":[{"href":"https:\/\/bct.facmed.unam.mx\/index.php\/wp-json\/wp\/v2\/types\/page"}],"author":[{"embeddable":true,"href":"https:\/\/bct.facmed.unam.mx\/index.php\/wp-json\/wp\/v2\/users\/2"}],"replies":[{"embeddable":true,"href":"https:\/\/bct.facmed.unam.mx\/index.php\/wp-json\/wp\/v2\/comments?post=4347"}],"version-history":[{"count":22,"href":"https:\/\/bct.facmed.unam.mx\/index.php\/wp-json\/wp\/v2\/pages\/4347\/revisions"}],"predecessor-version":[{"id":4774,"href":"https:\/\/bct.facmed.unam.mx\/index.php\/wp-json\/wp\/v2\/pages\/4347\/revisions\/4774"}],"wp:attachment":[{"href":"https:\/\/bct.facmed.unam.mx\/index.php\/wp-json\/wp\/v2\/media?parent=4347"}],"curies":[{"name":"wp","href":"https:\/\/api.w.org\/{rel}","templated":true}]}}