{"id":4328,"date":"2023-11-08T12:12:28","date_gmt":"2023-11-08T18:12:28","guid":{"rendered":"https:\/\/bct.facmed.unam.mx\/?page_id=4328"},"modified":"2024-01-22T11:19:47","modified_gmt":"2024-01-22T17:19:47","slug":"histologia-del-oido","status":"publish","type":"page","link":"https:\/\/bct.facmed.unam.mx\/index.php\/histologia-del-oido\/","title":{"rendered":"HISTOLOG\u00cdA DEL O\u00cdDO"},"content":{"rendered":"<p>[et_pb_section fb_built=\u00bb1&#8243; _builder_version=\u00bb4.22.1&#8243; _module_preset=\u00bbdefault\u00bb custom_padding=\u00bb54px|||||\u00bb locked=\u00bboff\u00bb global_colors_info=\u00bb{}\u00bb][et_pb_row _builder_version=\u00bb4.22.1&#8243; _module_preset=\u00bbdefault\u00bb global_colors_info=\u00bb{}\u00bb][et_pb_column type=\u00bb4_4&#8243; _builder_version=\u00bb4.22.1&#8243; _module_preset=\u00bbdefault\u00bb global_colors_info=\u00bb{}\u00bb][et_pb_blurb image=\u00bbhttps:\/\/bct.facmed.unam.mx\/wp-content\/uploads\/2023\/10\/HISTOFLICKS-INTERACTIVO.jpg\u00bb _builder_version=\u00bb4.22.1&#8243; _module_preset=\u00bbdefault\u00bb animation=\u00bboff\u00bb global_colors_info=\u00bb{}\u00bb]<\/p>\n<h1 style=\"text-align: center;\"><span style=\"color: #ff0000;\"><strong>HISTOFLICKS INTERACTIVO<\/strong><\/span><\/h1>\n<h2 style=\"text-align: center;\"><span style=\"color: #ff0000;\"><strong>HISTOLOG\u00cdA DEL O\u00cdDO<\/strong><\/span><\/h2>\n<p>[\/et_pb_blurb][et_pb_blurb title=\u00bbFormulario de opini\u00f3n\u00bb url=\u00bbhttps:\/\/forms.gle\/Dg7UhZCC299R5uLd8&#8243; image=\u00bbhttps:\/\/bct.facmed.unam.mx\/wp-content\/uploads\/2023\/10\/Formulario-1-e1698691804448.jpg\u00bb _builder_version=\u00bb4.22.1&#8243; _module_preset=\u00bbdefault\u00bb header_font=\u00bb|700|||||||\u00bb header_text_align=\u00bbcenter\u00bb header_text_color=\u00bb#19237f\u00bb global_colors_info=\u00bb{}\u00bb]<\/p>\n<p><span style=\"color: #000000;\">Desear\u00edamos que nos dejaran su opini\u00f3n sobre estos videos en el formulario<\/span><\/p>\n<p>[\/et_pb_blurb][\/et_pb_column][\/et_pb_row][et_pb_row column_structure=\u00bb1_3,1_3,1_3&#8243; _builder_version=\u00bb4.22.1&#8243; _module_preset=\u00bbdefault\u00bb global_colors_info=\u00bb{}\u00bb][et_pb_column type=\u00bb1_3&#8243; _builder_version=\u00bb4.22.1&#8243; _module_preset=\u00bbdefault\u00bb global_colors_info=\u00bb{}\u00bb][et_pb_code _builder_version=\u00bb4.22.1&#8243; _module_preset=\u00bbdefault\u00bb background_image=\u00bbhttps:\/\/bct.facmed.unam.mx\/wp-content\/uploads\/2023\/11\/OIDO-EXTERNO-Y-MEDIO.jpg\u00bb global_colors_info=\u00bb{}\u00bb]<div class=\"h5p-iframe-wrapper\"><iframe id=\"h5p-iframe-31\" class=\"h5p-iframe\" data-content-id=\"31\" style=\"height:1px\" src=\"about:blank\" frameBorder=\"0\" scrolling=\"no\" title=\"T2C13E1 O\u00eddo externo y o\u00eddo medio\"><\/iframe><\/div>[\/et_pb_code][\/et_pb_column][et_pb_column type=\u00bb1_3&#8243; _builder_version=\u00bb4.22.1&#8243; _module_preset=\u00bbdefault\u00bb global_colors_info=\u00bb{}\u00bb][et_pb_code _builder_version=\u00bb4.22.1&#8243; _module_preset=\u00bbdefault\u00bb background_image=\u00bbhttps:\/\/bct.facmed.unam.mx\/wp-content\/uploads\/2023\/11\/OIDO-INTERNO.-L.-VESTIBULAR.jpg\u00bb global_colors_info=\u00bb{}\u00bb]<div class=\"h5p-iframe-wrapper\"><iframe id=\"h5p-iframe-32\" class=\"h5p-iframe\" data-content-id=\"32\" style=\"height:1px\" src=\"about:blank\" frameBorder=\"0\" scrolling=\"no\" title=\"T2C13E2 O\u00eddo interno. Laberinto vestibular\"><\/iframe><\/div>[\/et_pb_code][\/et_pb_column][et_pb_column type=\u00bb1_3&#8243; _builder_version=\u00bb4.22.1&#8243; _module_preset=\u00bbdefault\u00bb global_colors_info=\u00bb{}\u00bb][et_pb_code _builder_version=\u00bb4.22.1&#8243; _module_preset=\u00bbdefault\u00bb background_image=\u00bbhttps:\/\/bct.facmed.unam.mx\/wp-content\/uploads\/2023\/11\/OIDO-INTERNO.-L.-COCLEAR.jpg\u00bb global_colors_info=\u00bb{}\u00bb]<div class=\"h5p-iframe-wrapper\"><iframe id=\"h5p-iframe-33\" class=\"h5p-iframe\" data-content-id=\"33\" style=\"height:1px\" src=\"about:blank\" frameBorder=\"0\" scrolling=\"no\" title=\"T2C13E3 O\u00eddo interno. Laberinto coclear\"><\/iframe><\/div>[\/et_pb_code][\/et_pb_column][\/et_pb_row][\/et_pb_section]<\/p>\n","protected":false},"excerpt":{"rendered":"<p>HISTOFLICKS INTERACTIVO HISTOLOG\u00cdA DEL O\u00cdDODesear\u00edamos que nos dejaran su opini\u00f3n sobre estos videos en el formulario<div class=\"h5p-iframe-wrapper\"><iframe id=\"h5p-iframe-31\" class=\"h5p-iframe\" data-content-id=\"31\" style=\"height:1px\" src=\"about:blank\" frameBorder=\"0\" scrolling=\"no\" title=\"T2C13E1 O\u00eddo externo y o\u00eddo medio\"><\/iframe><\/div><div class=\"h5p-iframe-wrapper\"><iframe id=\"h5p-iframe-32\" class=\"h5p-iframe\" data-content-id=\"32\" style=\"height:1px\" src=\"about:blank\" frameBorder=\"0\" scrolling=\"no\" title=\"T2C13E2 O\u00eddo interno. Laberinto vestibular\"><\/iframe><\/div><div class=\"h5p-iframe-wrapper\"><iframe id=\"h5p-iframe-33\" class=\"h5p-iframe\" data-content-id=\"33\" style=\"height:1px\" src=\"about:blank\" frameBorder=\"0\" scrolling=\"no\" title=\"T2C13E3 O\u00eddo interno. Laberinto coclear\"><\/iframe><\/div><\/p>\n","protected":false},"author":2,"featured_media":0,"parent":0,"menu_order":0,"comment_status":"closed","ping_status":"closed","template":"","meta":{"_et_pb_use_builder":"on","_et_pb_old_content":"","_et_gb_content_width":"","jetpack_post_was_ever_published":true,"footnotes":""},"class_list":["post-4328","page","type-page","status-publish","hentry"],"jetpack_sharing_enabled":true,"jetpack_shortlink":"https:\/\/wp.me\/PaS2sz-17O","_links":{"self":[{"href":"https:\/\/bct.facmed.unam.mx\/index.php\/wp-json\/wp\/v2\/pages\/4328","targetHints":{"allow":["GET"]}}],"collection":[{"href":"https:\/\/bct.facmed.unam.mx\/index.php\/wp-json\/wp\/v2\/pages"}],"about":[{"href":"https:\/\/bct.facmed.unam.mx\/index.php\/wp-json\/wp\/v2\/types\/page"}],"author":[{"embeddable":true,"href":"https:\/\/bct.facmed.unam.mx\/index.php\/wp-json\/wp\/v2\/users\/2"}],"replies":[{"embeddable":true,"href":"https:\/\/bct.facmed.unam.mx\/index.php\/wp-json\/wp\/v2\/comments?post=4328"}],"version-history":[{"count":4,"href":"https:\/\/bct.facmed.unam.mx\/index.php\/wp-json\/wp\/v2\/pages\/4328\/revisions"}],"predecessor-version":[{"id":4456,"href":"https:\/\/bct.facmed.unam.mx\/index.php\/wp-json\/wp\/v2\/pages\/4328\/revisions\/4456"}],"wp:attachment":[{"href":"https:\/\/bct.facmed.unam.mx\/index.php\/wp-json\/wp\/v2\/media?parent=4328"}],"curies":[{"name":"wp","href":"https:\/\/api.w.org\/{rel}","templated":true}]}}