{"id":4103,"date":"2023-10-24T20:26:09","date_gmt":"2023-10-25T02:26:09","guid":{"rendered":"https:\/\/bct.facmed.unam.mx\/?page_id=4103"},"modified":"2025-05-14T20:17:57","modified_gmt":"2025-05-15T02:17:57","slug":"histoflics-interactivo","status":"publish","type":"page","link":"https:\/\/bct.facmed.unam.mx\/index.php\/histoflics-interactivo\/","title":{"rendered":"HISTOFLICKS INTERACTIVO"},"content":{"rendered":"<p>[et_pb_section fb_built=\u00bb1&#8243; _builder_version=\u00bb4.22.1&#8243; _module_preset=\u00bbdefault\u00bb global_colors_info=\u00bb{}\u00bb][et_pb_row _builder_version=\u00bb4.22.1&#8243; _module_preset=\u00bbdefault\u00bb global_colors_info=\u00bb{}\u00bb][et_pb_column type=\u00bb4_4&#8243; _builder_version=\u00bb4.22.1&#8243; _module_preset=\u00bbdefault\u00bb global_colors_info=\u00bb{}\u00bb][et_pb_blurb title=\u00bbINTERACTIVO\u00bb image=\u00bbhttps:\/\/bct.facmed.unam.mx\/wp-content\/uploads\/2023\/10\/HISTOFLICKS-INTERACTIVO.jpg\u00bb title_last_edited=\u00bboff|desktop\u00bb _builder_version=\u00bb4.22.1&#8243; _module_preset=\u00bbdefault\u00bb header_level=\u00bbh2&#8243; header_font=\u00bbAlef|700|||||||\u00bb header_text_align=\u00bbcenter\u00bb header_text_color=\u00bb#ef1c1c\u00bb header_font_size=\u00bb42px\u00bb animation=\u00bboff\u00bb global_colors_info=\u00bb{}\u00bb]<\/p>\n<p><span style=\"color: #000000;\">Esta herramienta digital consiste en videos interactivos con preguntas de diferentes tipos que le permiten al estudiante autoevaluarse y reafirmar el conocimiento de la Biolog\u00eda Celular y la Histolog\u00eda. Esta herramienta interactiva se cre\u00f3 a partir de videos que componen el proyecto \u00abHISTOFLICKS\u00bb<\/span> (<a href=\"https:\/\/www.youtube.com\/@departamentodebiologiacelu9190\/playlistsen\">https:\/\/www.youtube.com\/@departamentodebiologiacelu9190\/playlistsen<\/a>) <span style=\"color: #000000;\">en el que han intervenido\u00a0 \u00a0profesores e instructores del Departamento de Biolog\u00eda Celular y Tisular.<\/span><\/p>\n<p><span style=\"color: #000000;\">La utilidad de estos videos interactivos se est\u00e1 estudiando mediante un proyecto de Investigaci\u00f3n Educativa, y es por esto que les pedimos su colaboraci\u00f3n para que nos den su opini\u00f3n en los formularios que hay en cada tema y que son tanto para los profesores como para los alumnos.<\/span><\/p>\n<p><span style=\"color: #000000;\">Los profesores que realizaron las interacciones son:<\/span><\/p>\n<ul>\n<li><span style=\"color: #000000;\">Dr. David Berriel Vel\u00e1zquez<\/span><\/li>\n<li><span style=\"color: #000000;\">Dra.\u00a0Carina Monserrath Gonz\u00e1le Hern\u00e1ndez <\/span><\/li>\n<li><span style=\"color: #000000;\">Dr. Manuel Alejandro Hurtado Hern\u00e1ndez<\/span><\/li>\n<li><span style=\"color: #000000;\">Dr.\u00a0Jorge Adri\u00e1n Eligio Carbajal<\/span><\/li>\n<li><span style=\"color: #000000;\">Dra. Mar\u00eda Isabel Garc\u00eda Pel\u00e1ez<\/span><\/li>\n<\/ul>\n<p><span style=\"color: #000000;\">Muchas gracias<\/span><\/p>\n<p><span style=\"color: #000000;\">Dra. Mar\u00eda Isabel Garc\u00eda Pel\u00e1ez<\/span><\/p>\n<p>[\/et_pb_blurb][\/et_pb_column][\/et_pb_row][et_pb_row _builder_version=\u00bb4.22.1&#8243; _module_preset=\u00bbdefault\u00bb global_colors_info=\u00bb{}\u00bb][et_pb_column type=\u00bb4_4&#8243; _builder_version=\u00bb4.22.1&#8243; _module_preset=\u00bbdefault\u00bb global_colors_info=\u00bb{}\u00bb][et_pb_text _builder_version=\u00bb4.22.1&#8243; _module_preset=\u00bbdefault\u00bb global_colors_info=\u00bb{}\u00bb]<\/p>\n<h1 style=\"text-align: center;\"><span style=\"color: #008080;\"><strong>1\u00b0 BLOQUE<\/strong><\/span><\/h1>\n<p>[\/et_pb_text][\/et_pb_column][\/et_pb_row][et_pb_row column_structure=\u00bb1_3,1_3,1_3&#8243; _builder_version=\u00bb4.22.1&#8243; _module_preset=\u00bbdefault\u00bb global_colors_info=\u00bb{}\u00bb][et_pb_column type=\u00bb1_3&#8243; _builder_version=\u00bb4.22.1&#8243; _module_preset=\u00bbdefault\u00bb global_colors_info=\u00bb{}\u00bb][et_pb_blurb title=\u00bbMICROSCOP\u00cdA\u00bb url=\u00bbhttps:\/\/bct.facmed.unam.mx\/index.php\/microscopia\/\u00bb url_new_window=\u00bbon\u00bb image=\u00bbhttps:\/\/bct.facmed.unam.mx\/wp-content\/uploads\/2023\/10\/MICROSCOPIO.jpg\u00bb _builder_version=\u00bb4.22.1&#8243; _module_preset=\u00bbdefault\u00bb header_level=\u00bbh2&#8243; header_font=\u00bb|700|||||||\u00bb header_text_align=\u00bbleft\u00bb header_text_color=\u00bb#00B2A3&#8243; header_font_size=\u00bb27px\u00bb background_image=\u00bbhttps:\/\/bct.facmed.unam.mx\/wp-content\/uploads\/2023\/10\/mf.jpg\u00bb animation=\u00bboff\u00bb global_colors_info=\u00bb{}\u00bb][\/et_pb_blurb][\/et_pb_column][et_pb_column type=\u00bb1_3&#8243; _builder_version=\u00bb4.22.1&#8243; _module_preset=\u00bbdefault\u00bb global_colors_info=\u00bb{}\u00bb][et_pb_blurb title=\u00bbT\u00c9CNICA HISTOL\u00d3GICA\u00bb url=\u00bbhttps:\/\/bct.facmed.unam.mx\/index.php\/tecnica-histologica-2\/\u00bb url_new_window=\u00bbon\u00bb image=\u00bbhttps:\/\/bct.facmed.unam.mx\/wp-content\/uploads\/2024\/02\/cONFOCAL.jpg\u00bb _builder_version=\u00bb4.23.1&#8243; _module_preset=\u00bbdefault\u00bb header_level=\u00bbh2&#8243; header_font=\u00bb|700|||||||\u00bb header_text_align=\u00bbcenter\u00bb header_text_color=\u00bb#00B2A3&#8243; header_font_size=\u00bb27px\u00bb body_text_color=\u00bb#00B2A3&#8243; text_orientation=\u00bbcenter\u00bb custom_padding=\u00bb|0px||||\u00bb animation=\u00bboff\u00bb locked=\u00bboff\u00bb global_colors_info=\u00bb{}\u00bb][\/et_pb_blurb][\/et_pb_column][et_pb_column type=\u00bb1_3&#8243; _builder_version=\u00bb4.22.1&#8243; _module_preset=\u00bbdefault\u00bb global_colors_info=\u00bb{}\u00bb][et_pb_blurb title=\u00bbBIOLOG\u00cdA CELULAR\u00bb url=\u00bbhttps:\/\/bct.facmed.unam.mx\/index.php\/biologia-celular\/\u00bb url_new_window=\u00bbon\u00bb image=\u00bbhttps:\/\/bct.facmed.unam.mx\/wp-content\/uploads\/2024\/02\/BIOLOGIA-CELULAR-.jpg\u00bb _builder_version=\u00bb4.23.1&#8243; _module_preset=\u00bbdefault\u00bb header_level=\u00bbh2&#8243; header_font=\u00bb|700|||||||\u00bb header_text_align=\u00bbcenter\u00bb header_text_color=\u00bb#00B2A3&#8243; header_font_size=\u00bb27px\u00bb body_text_color=\u00bb#00B2A3&#8243; text_orientation=\u00bbcenter\u00bb custom_padding=\u00bb|0px||||\u00bb animation=\u00bboff\u00bb locked=\u00bboff\u00bb global_colors_info=\u00bb{}\u00bb][\/et_pb_blurb][\/et_pb_column][\/et_pb_row][et_pb_row column_structure=\u00bb1_3,1_3,1_3&#8243; _builder_version=\u00bb4.22.1&#8243; _module_preset=\u00bbdefault\u00bb global_colors_info=\u00bb{}\u00bb][et_pb_column type=\u00bb1_3&#8243; _builder_version=\u00bb4.22.1&#8243; _module_preset=\u00bbdefault\u00bb global_colors_info=\u00bb{}\u00bb][et_pb_blurb title=\u00bbTEJIDO EPITELIAL\u00bb url=\u00bbhttps:\/\/bct.facmed.unam.mx\/index.php\/tejido-epitelial\/\u00bb url_new_window=\u00bbon\u00bb image=\u00bbhttps:\/\/bct.facmed.unam.mx\/wp-content\/uploads\/2024\/02\/EPITELIO.jpg\u00bb _builder_version=\u00bb4.23.1&#8243; _module_preset=\u00bbdefault\u00bb header_level=\u00bbh2&#8243; header_font=\u00bb|700|||||||\u00bb header_text_align=\u00bbcenter\u00bb header_text_color=\u00bb#00B2A3&#8243; header_font_size=\u00bb27px\u00bb background_image=\u00bbhttps:\/\/bct.facmed.unam.mx\/wp-content\/uploads\/2023\/10\/mf.jpg\u00bb text_orientation=\u00bbcenter\u00bb animation=\u00bboff\u00bb global_colors_info=\u00bb{}\u00bb][\/et_pb_blurb][\/et_pb_column][et_pb_column type=\u00bb1_3&#8243; _builder_version=\u00bb4.22.1&#8243; _module_preset=\u00bbdefault\u00bb global_colors_info=\u00bb{}\u00bb][et_pb_blurb title=\u00bbTEJIDO CONJUNTIVO\u00bb url=\u00bbhttps:\/\/bct.facmed.unam.mx\/index.php\/tejido-conjuntivo\/\u00bb url_new_window=\u00bbon\u00bb image=\u00bbhttps:\/\/bct.facmed.unam.mx\/wp-content\/uploads\/2024\/02\/T.-CONJUNTIVO.jpg\u00bb _builder_version=\u00bb4.23.1&#8243; _module_preset=\u00bbdefault\u00bb header_level=\u00bbh2&#8243; header_font=\u00bb|700|||||||\u00bb header_text_align=\u00bbcenter\u00bb header_text_color=\u00bb#00B2A3&#8243; header_font_size=\u00bb27px\u00bb background_image=\u00bbhttps:\/\/bct.facmed.unam.mx\/wp-content\/uploads\/2023\/10\/mf.jpg\u00bb text_orientation=\u00bbcenter\u00bb animation=\u00bboff\u00bb locked=\u00bboff\u00bb global_colors_info=\u00bb{}\u00bb][\/et_pb_blurb][\/et_pb_column][et_pb_column type=\u00bb1_3&#8243; _builder_version=\u00bb4.22.1&#8243; _module_preset=\u00bbdefault\u00bb global_colors_info=\u00bb{}\u00bb][et_pb_blurb title=\u00bbTEJIDO ADIPOSO\u00bb url=\u00bbhttps:\/\/bct.facmed.unam.mx\/index.php\/tejido-adiposo\/?et_fb=1&#038;PageSpeed=off\u00bb url_new_window=\u00bbon\u00bb image=\u00bbhttps:\/\/bct.facmed.unam.mx\/wp-content\/uploads\/2024\/02\/Imagen6.jpg\u00bb _builder_version=\u00bb4.23.1&#8243; _module_preset=\u00bbdefault\u00bb header_level=\u00bbh2&#8243; header_font=\u00bb|700|||||||\u00bb header_text_align=\u00bbcenter\u00bb header_text_color=\u00bb#00B2A3&#8243; header_font_size=\u00bb27px\u00bb background_image=\u00bbhttps:\/\/bct.facmed.unam.mx\/wp-content\/uploads\/2023\/10\/mf.jpg\u00bb text_orientation=\u00bbcenter\u00bb animation=\u00bboff\u00bb locked=\u00bboff\u00bb global_colors_info=\u00bb{}\u00bb][\/et_pb_blurb][\/et_pb_column][\/et_pb_row][et_pb_row column_structure=\u00bb1_3,1_3,1_3&#8243; _builder_version=\u00bb4.22.1&#8243; _module_preset=\u00bbdefault\u00bb global_colors_info=\u00bb{}\u00bb][et_pb_column type=\u00bb1_3&#8243; _builder_version=\u00bb4.22.1&#8243; _module_preset=\u00bbdefault\u00bb global_colors_info=\u00bb{}\u00bb][et_pb_blurb title=\u00bbTEJIDO CARTILAGINOSO\u00bb url=\u00bbhttps:\/\/bct.facmed.unam.mx\/index.php\/tejido-cartilaginoso\/\u00bb url_new_window=\u00bbon\u00bb image=\u00bbhttps:\/\/bct.facmed.unam.mx\/wp-content\/uploads\/2024\/02\/TEJIDO-CARTILAGINOSO.jpg\u00bb _builder_version=\u00bb4.23.1&#8243; _module_preset=\u00bbdefault\u00bb header_level=\u00bbh2&#8243; header_font=\u00bb|700|||||||\u00bb header_text_align=\u00bbcenter\u00bb header_text_color=\u00bb#00B2A3&#8243; header_font_size=\u00bb27px\u00bb background_image=\u00bbhttps:\/\/bct.facmed.unam.mx\/wp-content\/uploads\/2023\/10\/mf.jpg\u00bb text_orientation=\u00bbcenter\u00bb animation=\u00bboff\u00bb global_colors_info=\u00bb{}\u00bb][\/et_pb_blurb][\/et_pb_column][et_pb_column type=\u00bb1_3&#8243; _builder_version=\u00bb4.22.1&#8243; _module_preset=\u00bbdefault\u00bb global_colors_info=\u00bb{}\u00bb][et_pb_blurb title=\u00bbTEJIDO \u00d3SEO\u00bb url=\u00bbhttps:\/\/bct.facmed.unam.mx\/index.php\/tejido-oseo-4\/\u00bb url_new_window=\u00bbon\u00bb image=\u00bbhttps:\/\/bct.facmed.unam.mx\/wp-content\/uploads\/2024\/02\/OSTEOCLASTO.jpg\u00bb _builder_version=\u00bb4.23.1&#8243; _module_preset=\u00bbdefault\u00bb header_level=\u00bbh2&#8243; header_font=\u00bb|700|||||||\u00bb header_text_align=\u00bbcenter\u00bb header_text_color=\u00bb#00B2A3&#8243; header_font_size=\u00bb27px\u00bb background_image=\u00bbhttps:\/\/bct.facmed.unam.mx\/wp-content\/uploads\/2023\/10\/mf.jpg\u00bb text_orientation=\u00bbcenter\u00bb animation=\u00bboff\u00bb locked=\u00bboff\u00bb global_colors_info=\u00bb{}\u00bb][\/et_pb_blurb][\/et_pb_column][et_pb_column type=\u00bb1_3&#8243; _builder_version=\u00bb4.22.1&#8243; _module_preset=\u00bbdefault\u00bb global_colors_info=\u00bb{}\u00bb][\/et_pb_column][\/et_pb_row][et_pb_row _builder_version=\u00bb4.22.1&#8243; _module_preset=\u00bbdefault\u00bb global_colors_info=\u00bb{}\u00bb][et_pb_column type=\u00bb4_4&#8243; _builder_version=\u00bb4.22.1&#8243; _module_preset=\u00bbdefault\u00bb global_colors_info=\u00bb{}\u00bb][et_pb_text _builder_version=\u00bb4.22.1&#8243; _module_preset=\u00bbdefault\u00bb locked=\u00bboff\u00bb global_colors_info=\u00bb{}\u00bb]<\/p>\n<h1 style=\"text-align: center;\"><span style=\"color: #008080;\"><strong>2\u00b0 BLOQUE<\/strong><\/span><\/h1>\n<p>[\/et_pb_text][\/et_pb_column][\/et_pb_row][et_pb_row column_structure=\u00bb1_3,1_3,1_3&#8243; _builder_version=\u00bb4.22.1&#8243; _module_preset=\u00bbdefault\u00bb locked=\u00bboff\u00bb global_colors_info=\u00bb{}\u00bb][et_pb_column type=\u00bb1_3&#8243; _builder_version=\u00bb4.22.1&#8243; _module_preset=\u00bbdefault\u00bb global_colors_info=\u00bb{}\u00bb][et_pb_blurb title=\u00bbTEJIDO MUSCULAR\u00bb url=\u00bbhttps:\/\/bct.facmed.unam.mx\/index.php\/tejido-muscular\/\u00bb url_new_window=\u00bbon\u00bb image=\u00bbhttps:\/\/bct.facmed.unam.mx\/wp-content\/uploads\/2023\/10\/M.-Cardiaco-1.jpg\u00bb _builder_version=\u00bb4.22.1&#8243; _module_preset=\u00bbdefault\u00bb header_level=\u00bbh2&#8243; header_font=\u00bb|700|||||||\u00bb header_text_align=\u00bbcenter\u00bb header_text_color=\u00bb#00B2A3&#8243; header_font_size=\u00bb27px\u00bb body_text_color=\u00bb#00B2A3&#8243; text_orientation=\u00bbcenter\u00bb custom_padding=\u00bb|0px||||\u00bb animation=\u00bboff\u00bb locked=\u00bboff\u00bb global_colors_info=\u00bb{}\u00bb][\/et_pb_blurb][\/et_pb_column][et_pb_column type=\u00bb1_3&#8243; _builder_version=\u00bb4.22.1&#8243; _module_preset=\u00bbdefault\u00bb global_colors_info=\u00bb{}\u00bb][et_pb_blurb title=\u00bbTEJIDO NERVIOSO\u00bb url=\u00bbhttps:\/\/bct.facmed.unam.mx\/index.php\/tejido-nervioso\/\u00bb image=\u00bbhttps:\/\/bct.facmed.unam.mx\/wp-content\/uploads\/2023\/10\/NERVIOSO.jpg\u00bb _builder_version=\u00bb4.22.1&#8243; _module_preset=\u00bbdefault\u00bb header_font=\u00bb|700|||||||\u00bb header_text_align=\u00bbcenter\u00bb header_text_color=\u00bb#00B2A3&#8243; header_font_size=\u00bb27px\u00bb animation=\u00bboff\u00bb link_option_url_new_window=\u00bbon\u00bb locked=\u00bboff\u00bb global_colors_info=\u00bb{}\u00bb][\/et_pb_blurb][\/et_pb_column][et_pb_column type=\u00bb1_3&#8243; _builder_version=\u00bb4.22.1&#8243; _module_preset=\u00bbdefault\u00bb global_colors_info=\u00bb{}\u00bb][et_pb_blurb title=\u00bbSANGRE Y HEMATOPOYESIS\u00bb url=\u00bbhttps:\/\/bct.facmed.unam.mx\/index.php\/sangre-y-hematopoyesis\/\u00bb image=\u00bbhttps:\/\/bct.facmed.unam.mx\/wp-content\/uploads\/2023\/10\/SANGRE-1.jpg\u00bb _builder_version=\u00bb4.22.1&#8243; _module_preset=\u00bbdefault\u00bb header_font=\u00bb|700|||||||\u00bb header_text_align=\u00bbcenter\u00bb header_text_color=\u00bb#00B2A3&#8243; header_font_size=\u00bb24px\u00bb global_colors_info=\u00bb{}\u00bb][\/et_pb_blurb][\/et_pb_column][\/et_pb_row][et_pb_row column_structure=\u00bb1_3,1_3,1_3&#8243; _builder_version=\u00bb4.22.1&#8243; _module_preset=\u00bbdefault\u00bb locked=\u00bboff\u00bb global_colors_info=\u00bb{}\u00bb][et_pb_column type=\u00bb1_3&#8243; _builder_version=\u00bb4.22.1&#8243; _module_preset=\u00bbdefault\u00bb global_colors_info=\u00bb{}\u00bb][et_pb_blurb title=\u00bbTEJIDO LINFOIDE\u00bb url=\u00bbhttps:\/\/bct.facmed.unam.mx\/index.php\/tejido-linfoide\/\u00bb image=\u00bbhttps:\/\/bct.facmed.unam.mx\/wp-content\/uploads\/2023\/10\/TIMO-1.jpg\u00bb _builder_version=\u00bb4.22.1&#8243; _module_preset=\u00bbdefault\u00bb header_level=\u00bbh2&#8243; header_font=\u00bb|700|||||||\u00bb header_text_align=\u00bbcenter\u00bb header_text_color=\u00bb#00B2A3&#8243; header_font_size=\u00bb27px\u00bb locked=\u00bboff\u00bb global_colors_info=\u00bb{}\u00bb][\/et_pb_blurb][\/et_pb_column][et_pb_column type=\u00bb1_3&#8243; _builder_version=\u00bb4.22.1&#8243; _module_preset=\u00bbdefault\u00bb global_colors_info=\u00bb{}\u00bb][et_pb_blurb title=\u00bbSISTEMA CARDIOVASCULAR\u00bb url=\u00bbhttps:\/\/bct.facmed.unam.mx\/index.php\/sistema-cardiovascular\/\u00bb image=\u00bbhttps:\/\/bct.facmed.unam.mx\/wp-content\/uploads\/2023\/11\/Corazon3.jpg\u00bb _builder_version=\u00bb4.23.1&#8243; _module_preset=\u00bbdefault\u00bb header_level=\u00bbh2&#8243; header_font=\u00bb|700|||||||\u00bb header_text_align=\u00bbcenter\u00bb header_text_color=\u00bb#00B2A3&#8243; global_colors_info=\u00bb{}\u00bb][\/et_pb_blurb][\/et_pb_column][et_pb_column type=\u00bb1_3&#8243; _builder_version=\u00bb4.22.1&#8243; _module_preset=\u00bbdefault\u00bb global_colors_info=\u00bb{}\u00bb][et_pb_blurb title=\u00bbHISTOLOG\u00cdA DEL OJO\u00bb url=\u00bbhttps:\/\/bct.facmed.unam.mx\/index.php\/histologia-del-ojo\/\u00bb image=\u00bbhttps:\/\/bct.facmed.unam.mx\/wp-content\/uploads\/2023\/11\/RETINA.jpg\u00bb _builder_version=\u00bb4.23.1&#8243; _module_preset=\u00bbdefault\u00bb header_level=\u00bbh2&#8243; header_font=\u00bb|700|||||||\u00bb header_text_align=\u00bbcenter\u00bb header_text_color=\u00bb#00B2A3&#8243; locked=\u00bboff\u00bb global_colors_info=\u00bb{}\u00bb][\/et_pb_blurb][\/et_pb_column][\/et_pb_row][et_pb_row column_structure=\u00bb1_3,1_3,1_3&#8243; _builder_version=\u00bb4.22.1&#8243; _module_preset=\u00bbdefault\u00bb global_colors_info=\u00bb{}\u00bb][et_pb_column type=\u00bb1_3&#8243; _builder_version=\u00bb4.22.1&#8243; _module_preset=\u00bbdefault\u00bb global_colors_info=\u00bb{}\u00bb][et_pb_blurb title=\u00bbHISTOLOG\u00cdA DEL O\u00cdDO\u00bb url=\u00bbhttps:\/\/bct.facmed.unam.mx\/index.php\/histologia-del-oido\/\u00bb image=\u00bbhttps:\/\/bct.facmed.unam.mx\/wp-content\/uploads\/2023\/11\/Oido1.jpg\u00bb _builder_version=\u00bb4.22.1&#8243; _module_preset=\u00bbdefault\u00bb header_level=\u00bbh2&#8243; header_font=\u00bb|700|||||||\u00bb header_text_align=\u00bbcenter\u00bb header_text_color=\u00bb#00B2A3&#8243; locked=\u00bboff\u00bb global_colors_info=\u00bb{}\u00bb][\/et_pb_blurb][\/et_pb_column][et_pb_column type=\u00bb1_3&#8243; _builder_version=\u00bb4.22.1&#8243; _module_preset=\u00bbdefault\u00bb global_colors_info=\u00bb{}\u00bb][\/et_pb_column][et_pb_column type=\u00bb1_3&#8243; _builder_version=\u00bb4.22.1&#8243; _module_preset=\u00bbdefault\u00bb global_colors_info=\u00bb{}\u00bb][\/et_pb_column][\/et_pb_row][et_pb_row _builder_version=\u00bb4.22.1&#8243; _module_preset=\u00bbdefault\u00bb locked=\u00bboff\u00bb global_colors_info=\u00bb{}\u00bb][et_pb_column type=\u00bb4_4&#8243; _builder_version=\u00bb4.22.1&#8243; _module_preset=\u00bbdefault\u00bb global_colors_info=\u00bb{}\u00bb][et_pb_text _builder_version=\u00bb4.23.1&#8243; _module_preset=\u00bbdefault\u00bb locked=\u00bboff\u00bb global_colors_info=\u00bb{}\u00bb]<\/p>\n<h1 style=\"text-align: center;\"><span style=\"color: #008080;\"><strong>3\u00b0 BLOQUE<\/strong><\/span><\/h1>\n<p>[\/et_pb_text][\/et_pb_column][\/et_pb_row][et_pb_row column_structure=\u00bb1_3,1_3,1_3&#8243; _builder_version=\u00bb4.22.1&#8243; _module_preset=\u00bbdefault\u00bb locked=\u00bboff\u00bb global_colors_info=\u00bb{}\u00bb][et_pb_column type=\u00bb1_3&#8243; _builder_version=\u00bb4.22.1&#8243; _module_preset=\u00bbdefault\u00bb global_colors_info=\u00bb{}\u00bb][et_pb_blurb title=\u00bbSISTEMA RESPIRATORIO\u00bb url=\u00bbhttps:\/\/bct.facmed.unam.mx\/index.php\/sistema-respiratorio\/\u00bb image=\u00bbhttps:\/\/bct.facmed.unam.mx\/wp-content\/uploads\/2024\/01\/TRAQUEA.jpg\u00bb _builder_version=\u00bb4.23.1&#8243; _module_preset=\u00bbdefault\u00bb header_level=\u00bbh2&#8243; header_font=\u00bb|700|||||||\u00bb header_text_align=\u00bbcenter\u00bb header_text_color=\u00bb#00B2A3&#8243; header_font_size=\u00bb27px\u00bb locked=\u00bboff\u00bb global_colors_info=\u00bb{}\u00bb][\/et_pb_blurb][\/et_pb_column][et_pb_column type=\u00bb1_3&#8243; _builder_version=\u00bb4.22.1&#8243; _module_preset=\u00bbdefault\u00bb global_colors_info=\u00bb{}\u00bb][et_pb_blurb title=\u00bbSISTEMA TEGUMENTARIO\u00bb url=\u00bbhttps:\/\/bct.facmed.unam.mx\/index.php\/sistema-tegumentario-2&#8243; image=\u00bbhttps:\/\/bct.facmed.unam.mx\/wp-content\/uploads\/2024\/01\/PIEL.jpg\u00bb _builder_version=\u00bb4.23.1&#8243; _module_preset=\u00bbdefault\u00bb header_level=\u00bbh2&#8243; header_font=\u00bb|700|||||||\u00bb header_text_align=\u00bbcenter\u00bb header_text_color=\u00bb#00B2A3&#8243; background_enable_image=\u00bboff\u00bb global_colors_info=\u00bb{}\u00bb][\/et_pb_blurb][\/et_pb_column][et_pb_column type=\u00bb1_3&#8243; _builder_version=\u00bb4.22.1&#8243; _module_preset=\u00bbdefault\u00bb global_colors_info=\u00bb{}\u00bb][et_pb_blurb title=\u00bbSISTEMA ENDOCRINO\u00bb url=\u00bbhttps:\/\/bct.facmed.unam.mx\/index.php\/sistema-endocrino\/\u00bb image=\u00bbhttps:\/\/bct.facmed.unam.mx\/wp-content\/uploads\/2024\/01\/eNDOCRINO.jpg\u00bb _builder_version=\u00bb4.23.1&#8243; _module_preset=\u00bbdefault\u00bb header_level=\u00bbh2&#8243; header_font=\u00bb|700|||||||\u00bb header_text_align=\u00bbcenter\u00bb header_text_color=\u00bb#00B2A3&#8243; link_option_url=\u00bbhttps:\/\/bct.facmed.unam.mx\/index.php\/sistema-endocrino\/\u00bb locked=\u00bboff\u00bb global_colors_info=\u00bb{}\u00bb][\/et_pb_blurb][\/et_pb_column][\/et_pb_row][et_pb_row column_structure=\u00bb1_3,1_3,1_3&#8243; _builder_version=\u00bb4.22.1&#8243; _module_preset=\u00bbdefault\u00bb locked=\u00bboff\u00bb global_colors_info=\u00bb{}\u00bb][et_pb_column type=\u00bb1_3&#8243; _builder_version=\u00bb4.22.1&#8243; _module_preset=\u00bbdefault\u00bb global_colors_info=\u00bb{}\u00bb][et_pb_blurb title=\u00bbSISTEMA DIGESTIVO\u00bb url=\u00bbhttps:\/\/bct.facmed.unam.mx\/index.php\/sistema-digestivo\/\u00bb image=\u00bbhttps:\/\/bct.facmed.unam.mx\/wp-content\/uploads\/2024\/01\/ESTOMAGO1.jpg\u00bb _builder_version=\u00bb4.23.1&#8243; _module_preset=\u00bbdefault\u00bb header_level=\u00bbh2&#8243; header_font=\u00bb|700|||||||\u00bb header_text_align=\u00bbcenter\u00bb header_text_color=\u00bb#00B2A3&#8243; header_font_size=\u00bb27px\u00bb locked=\u00bboff\u00bb global_colors_info=\u00bb{}\u00bb][\/et_pb_blurb][\/et_pb_column][et_pb_column type=\u00bb1_3&#8243; _builder_version=\u00bb4.22.1&#8243; _module_preset=\u00bbdefault\u00bb global_colors_info=\u00bb{}\u00bb][et_pb_blurb title=\u00bbSISTEMA URINARIO\u00bb url=\u00bbhttps:\/\/bct.facmed.unam.mx\/index.php\/sistema-urinario\/\u00bb image=\u00bbhttps:\/\/bct.facmed.unam.mx\/wp-content\/uploads\/2024\/01\/Rinon-2.jpg\u00bb _builder_version=\u00bb4.23.1&#8243; _module_preset=\u00bbdefault\u00bb header_level=\u00bbh2&#8243; header_font=\u00bb|700|||||||\u00bb header_text_align=\u00bbcenter\u00bb header_text_color=\u00bb#00B2A3&#8243; background_enable_image=\u00bboff\u00bb global_colors_info=\u00bb{}\u00bb][\/et_pb_blurb][\/et_pb_column][et_pb_column type=\u00bb1_3&#8243; _builder_version=\u00bb4.22.1&#8243; _module_preset=\u00bbdefault\u00bb global_colors_info=\u00bb{}\u00bb][et_pb_blurb title=\u00bbSISTEMA REPRODUCTOR FEMENINO\u00bb url=\u00bbhttps:\/\/bct.facmed.unam.mx\/index.php\/sistema-reproductor-femenino\/\u00bb image=\u00bbhttps:\/\/bct.facmed.unam.mx\/wp-content\/uploads\/2024\/01\/OVARIO1.jpg\u00bb _builder_version=\u00bb4.23.1&#8243; _module_preset=\u00bbdefault\u00bb header_level=\u00bbh2&#8243; header_font=\u00bb|700|||||||\u00bb header_text_align=\u00bbcenter\u00bb header_text_color=\u00bb#00B2A3&#8243; background_enable_image=\u00bboff\u00bb link_option_url=\u00bbhttps:\/\/bct.facmed.unam.mx\/index.php\/sistema-endocrino\/\u00bb locked=\u00bboff\u00bb global_colors_info=\u00bb{}\u00bb][\/et_pb_blurb][\/et_pb_column][\/et_pb_row][et_pb_row column_structure=\u00bb1_3,1_3,1_3&#8243; _builder_version=\u00bb4.22.1&#8243; _module_preset=\u00bbdefault\u00bb locked=\u00bboff\u00bb global_colors_info=\u00bb{}\u00bb][et_pb_column type=\u00bb1_3&#8243; _builder_version=\u00bb4.22.1&#8243; _module_preset=\u00bbdefault\u00bb global_colors_info=\u00bb{}\u00bb][et_pb_blurb title=\u00bbSISTEMA REPRODUCTOR MASCULINO\u00bb url=\u00bbhttps:\/\/bct.facmed.unam.mx\/index.php\/sistema-reproductor-masculino\/\u00bb image=\u00bbhttps:\/\/bct.facmed.unam.mx\/wp-content\/uploads\/2024\/01\/PROSTATA2.jpg\u00bb _builder_version=\u00bb4.23.1&#8243; _module_preset=\u00bbdefault\u00bb header_level=\u00bbh2&#8243; header_font=\u00bb|700|||||||\u00bb header_text_align=\u00bbcenter\u00bb header_text_color=\u00bb#00B2A3&#8243; header_font_size=\u00bb25px\u00bb locked=\u00bboff\u00bb global_colors_info=\u00bb{}\u00bb][\/et_pb_blurb][\/et_pb_column][et_pb_column type=\u00bb1_3&#8243; _builder_version=\u00bb4.22.1&#8243; _module_preset=\u00bbdefault\u00bb global_colors_info=\u00bb{}\u00bb][\/et_pb_column][et_pb_column type=\u00bb1_3&#8243; _builder_version=\u00bb4.22.1&#8243; _module_preset=\u00bbdefault\u00bb global_colors_info=\u00bb{}\u00bb][\/et_pb_column][\/et_pb_row][\/et_pb_section][et_pb_section fb_built=\u00bb1&#8243; fullwidth=\u00bbon\u00bb _builder_version=\u00bb4.22.1&#8243; _module_preset=\u00bbdefault\u00bb global_colors_info=\u00bb{}\u00bb][\/et_pb_section]<\/p>\n","protected":false},"excerpt":{"rendered":"<p>Esta herramienta digital consiste en videos interactivos con preguntas de diferentes tipos que le permiten al estudiante autoevaluarse y reafirmar el conocimiento de la Biolog\u00eda Celular y la Histolog\u00eda. Esta herramienta interactiva se cre\u00f3 a partir de videos que componen el proyecto \u00abHISTOFLICKS\u00bb (https:\/\/www.youtube.com\/@departamentodebiologiacelu9190\/playlistsen) en el que han intervenido\u00a0 \u00a0profesores e instructores del Departamento de [&hellip;]<\/p>\n","protected":false},"author":2,"featured_media":0,"parent":0,"menu_order":0,"comment_status":"closed","ping_status":"closed","template":"","meta":{"_et_pb_use_builder":"on","_et_pb_old_content":"","_et_gb_content_width":"","jetpack_post_was_ever_published":false,"footnotes":""},"class_list":["post-4103","page","type-page","status-publish","hentry"],"jetpack_sharing_enabled":true,"jetpack_shortlink":"https:\/\/wp.me\/PaS2sz-14b","_links":{"self":[{"href":"https:\/\/bct.facmed.unam.mx\/index.php\/wp-json\/wp\/v2\/pages\/4103","targetHints":{"allow":["GET"]}}],"collection":[{"href":"https:\/\/bct.facmed.unam.mx\/index.php\/wp-json\/wp\/v2\/pages"}],"about":[{"href":"https:\/\/bct.facmed.unam.mx\/index.php\/wp-json\/wp\/v2\/types\/page"}],"author":[{"embeddable":true,"href":"https:\/\/bct.facmed.unam.mx\/index.php\/wp-json\/wp\/v2\/users\/2"}],"replies":[{"embeddable":true,"href":"https:\/\/bct.facmed.unam.mx\/index.php\/wp-json\/wp\/v2\/comments?post=4103"}],"version-history":[{"count":64,"href":"https:\/\/bct.facmed.unam.mx\/index.php\/wp-json\/wp\/v2\/pages\/4103\/revisions"}],"predecessor-version":[{"id":4941,"href":"https:\/\/bct.facmed.unam.mx\/index.php\/wp-json\/wp\/v2\/pages\/4103\/revisions\/4941"}],"wp:attachment":[{"href":"https:\/\/bct.facmed.unam.mx\/index.php\/wp-json\/wp\/v2\/media?parent=4103"}],"curies":[{"name":"wp","href":"https:\/\/api.w.org\/{rel}","templated":true}]}}